{"id":1648,"date":"2022-04-11T13:29:54","date_gmt":"2022-04-11T11:29:54","guid":{"rendered":"https:\/\/www.krajan.pl\/index.php\/produkt\/witryna-cw-1\/"},"modified":"2024-10-31T11:42:16","modified_gmt":"2024-10-31T10:42:16","slug":"witryna-cw-1","status":"publish","type":"product","link":"https:\/\/www.krajan.pl\/index.php\/produkt\/witryna-cw-1\/","title":{"rendered":"CAPRI Witryna CW-1"},"content":{"rendered":"<p><em>Uwagi:<\/em><\/p>\n<p><em><span class=\"ILfuVd\" lang=\"pl\"><span class=\"hgKElc\">\u00a0Kolory na zdj\u0119ciach\u00a0 mog\u0105 si\u0119 nieznacznie r\u00f3\u017cni\u0107 od rzeczywistych \u2013 wynika to z r\u00f3\u017cnorodno\u015bci dost\u0119pnego sprz\u0119tu komputerowego oraz jego indywidualnych ustawie\u0144 a w szczeg\u00f3lno\u015bci ustawie\u0144 monitora i karty graficznej.<\/span><\/span><\/em><\/p>\n<p>Views: 3<\/p>","protected":false},"excerpt":{"rendered":"<p>Szer.\/wys.\/g\u0142.: 66\/201\/43,5 cm<\/p>\n<div class=\"positioner\">\n<h5 class=\"h3\"><strong>O\u015bwietlenie LED:<\/strong><\/h5>\n<p>Przy wariancie mebli z o\u015bwietleniem LED, pod\u015bwietlenie dotyczy element\u00f3w:<\/p>\n<p>\u2013 witryna CW-1<br \/>\n\u2013 witryna CW-2<\/p>\n<p>\u2013 w standardzie zastosowano w witrynach p\u00f3\u0142ki z p\u0142yty laminowanej,<br \/>\n\u2013 mo\u017cliwo\u015b\u0107 zam\u00f3wienia w witrynach p\u00f3\u0142ki szklane + o\u015bwietlenie LED -za dop\u0142at\u0105,<\/p>\n<\/div>\n","protected":false},"featured_media":28966,"comment_status":"closed","ping_status":"closed","template":"","meta":[],"product_brand":[],"product_cat":[208,96],"product_tag":[],"class_list":{"0":"post-1648","1":"product","2":"type-product","3":"status-publish","4":"has-post-thumbnail","6":"product_cat-capri","7":"product_cat-witryny","8":"pa_kolor-artisan","9":"pa_kolor-syrach","10":"pa_kolor-welington","12":"first","13":"instock","14":"shipping-taxable","15":"purchasable","16":"product-type-variable"},"_links":{"self":[{"href":"https:\/\/www.krajan.pl\/index.php\/wp-json\/wp\/v2\/product\/1648","targetHints":{"allow":["GET"]}}],"collection":[{"href":"https:\/\/www.krajan.pl\/index.php\/wp-json\/wp\/v2\/product"}],"about":[{"href":"https:\/\/www.krajan.pl\/index.php\/wp-json\/wp\/v2\/types\/product"}],"replies":[{"embeddable":true,"href":"https:\/\/www.krajan.pl\/index.php\/wp-json\/wp\/v2\/comments?post=1648"}],"wp:featuredmedia":[{"embeddable":true,"href":"https:\/\/www.krajan.pl\/index.php\/wp-json\/wp\/v2\/media\/28966"}],"wp:attachment":[{"href":"https:\/\/www.krajan.pl\/index.php\/wp-json\/wp\/v2\/media?parent=1648"}],"wp:term":[{"taxonomy":"product_brand","embeddable":true,"href":"https:\/\/www.krajan.pl\/index.php\/wp-json\/wp\/v2\/product_brand?post=1648"},{"taxonomy":"product_cat","embeddable":true,"href":"https:\/\/www.krajan.pl\/index.php\/wp-json\/wp\/v2\/product_cat?post=1648"},{"taxonomy":"product_tag","embeddable":true,"href":"https:\/\/www.krajan.pl\/index.php\/wp-json\/wp\/v2\/product_tag?post=1648"}],"curies":[{"name":"wp","href":"https:\/\/api.w.org\/{rel}","templated":true}]}}