{"id":1619,"date":"2017-10-11T11:59:29","date_gmt":"2017-10-11T09:59:29","guid":{"rendered":"https:\/\/www.krajan.pl\/index.php\/produkt\/k-2\/"},"modified":"2025-02-04T12:42:17","modified_gmt":"2025-02-04T11:42:17","slug":"k-2","status":"publish","type":"product","link":"https:\/\/www.krajan.pl\/index.php\/produkt\/k-2\/","title":{"rendered":"KL-2"},"content":{"rendered":"<p>Views: 2<\/p>","protected":false},"excerpt":{"rendered":"<p>Szer.\/wys.\/g\u0142.: 108\/82\/43,5 cm<\/p>\n<p><strong>Komoda KL-2<\/strong> to idealne rozwi\u0105zanie dla os\u00f3b ceni\u0105cych klasyczne wyko\u0144czenia oraz praktyczno\u015b\u0107. Konstrukcja mebla wykonana zosta\u0142a z solidnej p\u0142yty laminowanej o gr.22 mm. Kraw\u0119dzie tych\u017ce p\u0142yt oklejamy na nowoczesnych oklejarkach obrze\u017cem grubo\u015bci 0,6mm. Ca\u0142o\u015b\u0107 daje sp\u00f3jny wizualnie efekt, gwarantuj\u0105c jednocze\u015bnie odporno\u015b\u0107 na warunki otoczenia.Solidny blat jest idealny do wyeksponowania przedmiot\u00f3w dekoracyjnych. Komoda jest solidna i trwa\u0142a.<br \/>\nMeble s\u0105 nowe, zapakowane w paczkach do samodzielnego monta\u017cu, wraz z czyteln\u0105 instrukcj\u0105 oraz akcesoriami.<br \/>\nProdukt jest prosty w monta\u017cu.<\/p>\n<p><strong>Wymiary:<\/strong><\/p>\n<p>\u2013 szeroko\u015b\u0107 108 cm \/ wysoko\u015b\u0107 82 cm \/ g\u0142\u0119boko\u015b\u0107 43,5 cm<\/p>\n<p><strong>Informacje dodatkowe:<\/strong><\/p>\n<ul>\n<li>dost\u0119pne kolory: czekolada, sonoma, trufel, sonoma\/czekolada<\/li>\n<li>wyko\u0144czenie korpusu : matowe<\/li>\n<li>wyko\u0144czenie front\u00f3w: matowe<\/li>\n<li>komoda wyposa\u017cona w cztery szuflady oraz jedn\u0105 p\u00f3\u0142k\u0119<\/li>\n<li>grubo\u015b\u0107 blatu: 22 mm<\/li>\n<li>rodzaj: stoj\u0105ca<\/li>\n<li>styl: nowoczesny<\/li>\n<\/ul>\n","protected":false},"featured_media":27785,"comment_status":"closed","ping_status":"closed","template":"","meta":[],"product_brand":[],"product_cat":[90],"product_tag":[],"class_list":{"0":"post-1619","1":"product","2":"type-product","3":"status-publish","4":"has-post-thumbnail","6":"product_cat-komody","7":"pa_kolor-sonoma","8":"pa_kolor-sonoma-czekolada","9":"pa_kolor-trufel","11":"first","12":"instock","13":"shipping-taxable","14":"purchasable","15":"product-type-variable"},"_links":{"self":[{"href":"https:\/\/www.krajan.pl\/index.php\/wp-json\/wp\/v2\/product\/1619","targetHints":{"allow":["GET"]}}],"collection":[{"href":"https:\/\/www.krajan.pl\/index.php\/wp-json\/wp\/v2\/product"}],"about":[{"href":"https:\/\/www.krajan.pl\/index.php\/wp-json\/wp\/v2\/types\/product"}],"replies":[{"embeddable":true,"href":"https:\/\/www.krajan.pl\/index.php\/wp-json\/wp\/v2\/comments?post=1619"}],"wp:featuredmedia":[{"embeddable":true,"href":"https:\/\/www.krajan.pl\/index.php\/wp-json\/wp\/v2\/media\/27785"}],"wp:attachment":[{"href":"https:\/\/www.krajan.pl\/index.php\/wp-json\/wp\/v2\/media?parent=1619"}],"wp:term":[{"taxonomy":"product_brand","embeddable":true,"href":"https:\/\/www.krajan.pl\/index.php\/wp-json\/wp\/v2\/product_brand?post=1619"},{"taxonomy":"product_cat","embeddable":true,"href":"https:\/\/www.krajan.pl\/index.php\/wp-json\/wp\/v2\/product_cat?post=1619"},{"taxonomy":"product_tag","embeddable":true,"href":"https:\/\/www.krajan.pl\/index.php\/wp-json\/wp\/v2\/product_tag?post=1619"}],"curies":[{"name":"wp","href":"https:\/\/api.w.org\/{rel}","templated":true}]}}