{"id":1615,"date":"2017-10-11T11:55:47","date_gmt":"2017-10-11T09:55:47","guid":{"rendered":"https:\/\/www.krajan.pl\/index.php\/produkt\/m8-d\/"},"modified":"2024-08-12T00:32:05","modified_gmt":"2024-08-11T22:32:05","slug":"m8-d","status":"publish","type":"product","link":"https:\/\/www.krajan.pl\/index.php\/produkt\/m8-d\/","title":{"rendered":"M8-D"},"content":{"rendered":"<p><em>Uwagi:<\/em><\/p>\n<p><em><span class=\"ILfuVd\" lang=\"pl\"><span class=\"hgKElc\">\u00a0Kolory na zdj\u0119ciach\u00a0 mog\u0105 si\u0119 nieznacznie r\u00f3\u017cni\u0107 od rzeczywistych \u2013 wynika to z r\u00f3\u017cnorodno\u015bci dost\u0119pnego sprz\u0119tu komputerowego oraz jego indywidualnych ustawie\u0144 a w szczeg\u00f3lno\u015bci ustawie\u0144 monitora i karty graficznej.<\/span><\/span><\/em><\/p>\n<p>Views: 4<\/p>","protected":false},"excerpt":{"rendered":"<p>Szer.\/wys.\/g\u0142.: 122\/82\/43,5 cm<\/p>\n<p><strong>Komoda M8-D<\/strong> to idealne rozwi\u0105zanie dla os\u00f3b ceni\u0105cych klasyczne wyko\u0144czenia oraz praktyczno\u015b\u0107. Konstrukcja mebla wykonana zosta\u0142a z solidnej p\u0142yty laminowanej o gr.16 mm. Zgrabna forma, oraz nowoczesny wygl\u0105d sprawiaj\u0105, \u017ce mebel nie przyt\u0142oczy wn\u0119trza wi\u0119c \u015bwietnie sprawdza si\u0119 tak\u017ce w niewielkiej przestrzeni. Komoda dost\u0119pna jest w szerokiej gamie kolorystycznej.<\/p>\n<p>Meble w paczkach do samodzielnego monta\u017cu.<br \/>\nProdukt nowy, oryginalnie zapakowany!<br \/>\nFronty: front g\u0142adki .<\/p>\n<p><strong>Wymiary:<\/strong><\/p>\n<p>\u2013 szeroko\u015b\u0107 122 cm \/ wysoko\u015b\u0107 82 cm \/ g\u0142\u0119boko\u015b\u0107 43,5 cm<\/p>\n<p><strong>Informacje dodatkowe:<\/strong><\/p>\n<ul>\n<li>dost\u0119pne kolory: artisan, czekolada, sonoma, trufel, syrach, bordeaux, wotan<\/li>\n<li>wyko\u0144czenie korpusu : matowe<\/li>\n<li>wyko\u0144czenie front\u00f3w: matowe<\/li>\n<li>n\u00f3\u017cki z tworzywa sztucznego zapewniaj\u0105 stabilno\u015b\u0107 i wytrzyma\u0142o\u015b\u0107,<\/li>\n<li>wykonanie laminowana p\u0142yta wi\u00f3rowa<\/li>\n<li>rodzaj: stoj\u0105ca<\/li>\n<li>styl: nowoczesny<\/li>\n<\/ul>\n","protected":false},"featured_media":27783,"comment_status":"closed","ping_status":"closed","template":"","meta":[],"product_brand":[],"product_cat":[90],"product_tag":[],"class_list":{"0":"post-1615","1":"product","2":"type-product","3":"status-publish","4":"has-post-thumbnail","6":"product_cat-komody","7":"pa_kolor-artisan","8":"pa_kolor-bordeaux","9":"pa_kolor-czekolada","10":"pa_kolor-sonoma","11":"pa_kolor-syrach","12":"pa_kolor-trufel","13":"pa_kolor-wotan","15":"first","16":"outofstock","17":"shipping-taxable","18":"purchasable","19":"product-type-variable"},"_links":{"self":[{"href":"https:\/\/www.krajan.pl\/index.php\/wp-json\/wp\/v2\/product\/1615","targetHints":{"allow":["GET"]}}],"collection":[{"href":"https:\/\/www.krajan.pl\/index.php\/wp-json\/wp\/v2\/product"}],"about":[{"href":"https:\/\/www.krajan.pl\/index.php\/wp-json\/wp\/v2\/types\/product"}],"replies":[{"embeddable":true,"href":"https:\/\/www.krajan.pl\/index.php\/wp-json\/wp\/v2\/comments?post=1615"}],"wp:featuredmedia":[{"embeddable":true,"href":"https:\/\/www.krajan.pl\/index.php\/wp-json\/wp\/v2\/media\/27783"}],"wp:attachment":[{"href":"https:\/\/www.krajan.pl\/index.php\/wp-json\/wp\/v2\/media?parent=1615"}],"wp:term":[{"taxonomy":"product_brand","embeddable":true,"href":"https:\/\/www.krajan.pl\/index.php\/wp-json\/wp\/v2\/product_brand?post=1615"},{"taxonomy":"product_cat","embeddable":true,"href":"https:\/\/www.krajan.pl\/index.php\/wp-json\/wp\/v2\/product_cat?post=1615"},{"taxonomy":"product_tag","embeddable":true,"href":"https:\/\/www.krajan.pl\/index.php\/wp-json\/wp\/v2\/product_tag?post=1615"}],"curies":[{"name":"wp","href":"https:\/\/api.w.org\/{rel}","templated":true}]}}