{"id":1480,"date":"2017-10-05T14:40:28","date_gmt":"2017-10-05T12:40:28","guid":{"rendered":"https:\/\/www.krajan.pl\/index.php\/produkt\/iwo\/"},"modified":"2026-02-27T13:07:48","modified_gmt":"2026-02-27T12:07:48","slug":"iwo","status":"publish","type":"product","link":"https:\/\/www.krajan.pl\/index.php\/produkt\/iwo\/","title":{"rendered":"Iwo"},"content":{"rendered":"<p><em>Uwagi:<\/em><\/p>\n<p><em><span class=\"ILfuVd\" lang=\"pl\"><span class=\"hgKElc\">\u00a0Kolory na zdj\u0119ciach\u00a0 mog\u0105 si\u0119 nieznacznie r\u00f3\u017cni\u0107 od rzeczywistych \u2013 wynika to z r\u00f3\u017cnorodno\u015bci dost\u0119pnego sprz\u0119tu komputerowego oraz jego indywidualnych ustawie\u0144 a w szczeg\u00f3lno\u015bci ustawie\u0144 monitora i karty graficznej.<\/span><\/span><\/em><\/p>\n<p>Views: 22<\/p>","protected":false},"excerpt":{"rendered":"<p>Informacje :<\/p>\n<p>Szer.\/wys.\/g\u0142.: 150\/201\/45 cm<\/p>\n<p data-start=\"122\" data-end=\"357\">Nowoczesna i funkcjonalna szafa\u00a0 to idealne rozwi\u0105zanie do sypialni, pokoju m\u0142odzie\u017cowego lub garderoby. Uniwersalny design sprawia, \u017ce doskonale wpisuje si\u0119 zar\u00f3wno w nowoczesne, jak i skandynawskie wn\u0119trza.<\/p>\n<h3 data-start=\"359\" data-end=\"374\">\ud83d\udccf Wymiary:<\/h3>\n<ul data-start=\"375\" data-end=\"450\">\n<li data-start=\"375\" data-end=\"400\">\n<p data-start=\"377\" data-end=\"400\"><strong data-start=\"377\" data-end=\"391\">Szeroko\u015b\u0107:<\/strong> 150 cm<\/p>\n<\/li>\n<li data-start=\"401\" data-end=\"425\">\n<p data-start=\"403\" data-end=\"425\"><strong data-start=\"403\" data-end=\"416\">Wysoko\u015b\u0107:<\/strong> 201 cm<\/p>\n<\/li>\n<li data-start=\"426\" data-end=\"450\">\n<p data-start=\"428\" data-end=\"450\"><strong data-start=\"428\" data-end=\"442\">G\u0142\u0119boko\u015b\u0107:<\/strong> 45 cm<\/p>\n<\/li>\n<\/ul>\n<h3 data-start=\"452\" data-end=\"473\">\ud83d\udee0 Uk\u0142ad wn\u0119trza:<\/h3>\n<ul data-start=\"474\" data-end=\"681\">\n<li data-start=\"474\" data-end=\"533\">\n<p data-start=\"476\" data-end=\"533\">Przestronna cz\u0119\u015b\u0107 z <strong data-start=\"496\" data-end=\"519\">dr\u0105\u017ckiem wysuwnym<\/strong>\u00a0na wieszaki<\/p>\n<\/li>\n<li data-start=\"534\" data-end=\"574\">\n<p data-start=\"536\" data-end=\"574\">3 praktyczne p\u00f3\u0142ki po prawej stronie<\/p>\n<\/li>\n<li data-start=\"575\" data-end=\"613\">\n<p data-start=\"577\" data-end=\"613\">3 pojemne szuflady w dolnej cz\u0119\u015bci<\/p>\n<\/li>\n<li data-start=\"614\" data-end=\"681\">\n<p data-start=\"616\" data-end=\"681\">Stabilna konstrukcja i wygodny dost\u0119p do przechowywanych rzeczy<\/p>\n<\/li>\n<\/ul>\n<h3 data-start=\"683\" data-end=\"696\">\ud83c\udfa8 Kolor:<\/h3>\n<ul data-start=\"697\" data-end=\"767\">\n<li data-start=\"697\" data-end=\"767\">\n<p data-start=\"699\" data-end=\"767\">\u00a0dost\u0119pne wszystkie kolory<\/p>\n<\/li>\n<\/ul>\n<h3 data-start=\"769\" data-end=\"782\">\u2705 Zalety:<\/h3>\n<ul data-start=\"783\" data-end=\"965\">\n<li data-start=\"783\" data-end=\"835\">\n<p data-start=\"785\" data-end=\"835\">Du\u017ca pojemno\u015b\u0107 przy kompaktowej g\u0142\u0119boko\u015bci 45 cm<\/p>\n<\/li>\n<li data-start=\"836\" data-end=\"887\">\n<p data-start=\"838\" data-end=\"887\">Funkcjonalne po\u0142\u0105czenie p\u00f3\u0142ek, dr\u0105\u017cka i szuflad<\/p>\n<\/li>\n<li data-start=\"888\" data-end=\"936\">\n<p data-start=\"890\" data-end=\"936\">Idealna do mniejszych i \u015brednich pomieszcze\u0144<\/p>\n<\/li>\n<li data-start=\"937\" data-end=\"965\">\n<p data-start=\"939\" data-end=\"965\">Prosty, elegancki wygl\u0105d<\/p>\n<\/li>\n<\/ul>\n<p data-start=\"967\" data-end=\"1170\">Szafa zapewnia wygodne przechowywanie ubra\u0144 wisz\u0105cych, sk\u0142adanych oraz bielizny i dodatk\u00f3w. Dzi\u0119ki przemy\u015blanemu podzia\u0142owi wn\u0119trza pomaga utrzyma\u0107 porz\u0105dek i maksymalnie wykorzysta\u0107 dost\u0119pn\u0105 przestrze\u0144.<\/p>\n<p>Meble w paczkach do samodzielnego monta\u017cu.<br \/>\nProdukt nowy, oryginalnie zapakowany!<br \/>\nMebel wykonany z laminowanej p\u0142yty wi\u00f3rowej.<br \/>\nFronty: p\u0142yta front g\u0142adki.<\/p>\n<p>&nbsp;<\/p>\n<div class=\"positioner\"><\/div>\n","protected":false},"featured_media":31225,"comment_status":"closed","ping_status":"closed","template":"","meta":[],"product_brand":[],"product_cat":[190,195,196],"product_tag":[],"class_list":{"0":"post-1480","1":"product","2":"type-product","3":"status-publish","4":"has-post-thumbnail","6":"product_cat-garderoby","7":"product_cat-szafy-otwierane","8":"product_cat-szafy-otwierane-szafy-otwierane","9":"pa_kolor-artisan","10":"pa_kolor-canyon","11":"pa_kolor-czekolada","12":"pa_kolor-jesion-portland","13":"pa_kolor-lefkas-ciemny","14":"pa_kolor-sonoma","15":"pa_kolor-sosna-anderson","16":"pa_kolor-trufel","17":"pa_kolor-wellington","19":"first","20":"outofstock","21":"shipping-taxable","22":"purchasable","23":"product-type-variable"},"_links":{"self":[{"href":"https:\/\/www.krajan.pl\/index.php\/wp-json\/wp\/v2\/product\/1480","targetHints":{"allow":["GET"]}}],"collection":[{"href":"https:\/\/www.krajan.pl\/index.php\/wp-json\/wp\/v2\/product"}],"about":[{"href":"https:\/\/www.krajan.pl\/index.php\/wp-json\/wp\/v2\/types\/product"}],"replies":[{"embeddable":true,"href":"https:\/\/www.krajan.pl\/index.php\/wp-json\/wp\/v2\/comments?post=1480"}],"wp:featuredmedia":[{"embeddable":true,"href":"https:\/\/www.krajan.pl\/index.php\/wp-json\/wp\/v2\/media\/31225"}],"wp:attachment":[{"href":"https:\/\/www.krajan.pl\/index.php\/wp-json\/wp\/v2\/media?parent=1480"}],"wp:term":[{"taxonomy":"product_brand","embeddable":true,"href":"https:\/\/www.krajan.pl\/index.php\/wp-json\/wp\/v2\/product_brand?post=1480"},{"taxonomy":"product_cat","embeddable":true,"href":"https:\/\/www.krajan.pl\/index.php\/wp-json\/wp\/v2\/product_cat?post=1480"},{"taxonomy":"product_tag","embeddable":true,"href":"https:\/\/www.krajan.pl\/index.php\/wp-json\/wp\/v2\/product_tag?post=1480"}],"curies":[{"name":"wp","href":"https:\/\/api.w.org\/{rel}","templated":true}]}}