{"id":1475,"date":"2017-10-05T14:37:39","date_gmt":"2017-10-05T12:37:39","guid":{"rendered":"https:\/\/www.krajan.pl\/index.php\/produkt\/inka\/"},"modified":"2026-01-26T10:24:34","modified_gmt":"2026-01-26T09:24:34","slug":"inka","status":"publish","type":"product","link":"https:\/\/www.krajan.pl\/index.php\/produkt\/inka\/","title":{"rendered":"Inka"},"content":{"rendered":"<p>Kolor na zdj\u0119ciu nr 1: korpus sonoma\/ listwy czekolada<\/p>\n<p>&nbsp;<\/p>\n<p><em>Uwagi:<\/em><\/p>\n<p><em><span class=\"ILfuVd\" lang=\"pl\"><span class=\"hgKElc\">\u00a0Kolory na zdj\u0119ciach\u00a0 mog\u0105 si\u0119 nieznacznie r\u00f3\u017cni\u0107 od rzeczywistych \u2013 wynika to z r\u00f3\u017cnorodno\u015bci dost\u0119pnego sprz\u0119tu komputerowego oraz jego indywidualnych ustawie\u0144 a w szczeg\u00f3lno\u015bci ustawie\u0144 monitora i karty graficznej.<\/span><\/span><\/em><\/p>\n<p>&nbsp;<\/p>\n<p>Views: 23<\/p>","protected":false},"excerpt":{"rendered":"<p>Informacje :<\/p>\n<p>Szer.\/wys.\/g\u0142.: 240\/201\/43,5cm<\/p>\n<p>Rega\u0142 lewy: szeroko\u015b\u0107 60 cm. W \u015brodku wieniec dr\u0105\u017cek wysuwny.<br \/>\nKomoda szeroko\u015b\u0107:90 cm. W \u015brodku p\u00f3\u0142ka SZUFLADA.<br \/>\nRega\u0142\u00a0 prawy z wieszakami szeroko\u015b\u0107:90 cm. W \u015brodku wieniec 3 p\u00f3\u0142ki.<br \/>\nP\u0142yta pod lustro : 100&#215;80.<\/p>\n<p>Meble w paczkach do samodzielnego monta\u017cu.<br \/>\nProdukt nowy, oryginalnie zapakowany!<br \/>\nMebel wykonany z laminowanej p\u0142yty wi\u00f3rowej.<br \/>\nFronty: p\u0142yta front g\u0142adki.<\/p>\n<p>&nbsp;<\/p>\n","protected":false},"featured_media":31089,"comment_status":"closed","ping_status":"closed","template":"","meta":[],"product_brand":[],"product_cat":[190],"product_tag":[],"class_list":{"0":"post-1475","1":"product","2":"type-product","3":"status-publish","4":"has-post-thumbnail","6":"product_cat-garderoby","7":"pa_kolor-artisan","8":"pa_kolor-canyon","9":"pa_kolor-czekolada","10":"pa_kolor-sonoma","11":"pa_kolor-sonoma-czekolada","12":"pa_kolor-trufel","13":"pa_kolor-wotan","14":"pa_kolor-wotan-jesion-portland","16":"first","17":"outofstock","18":"shipping-taxable","19":"purchasable","20":"product-type-variable"},"_links":{"self":[{"href":"https:\/\/www.krajan.pl\/index.php\/wp-json\/wp\/v2\/product\/1475","targetHints":{"allow":["GET"]}}],"collection":[{"href":"https:\/\/www.krajan.pl\/index.php\/wp-json\/wp\/v2\/product"}],"about":[{"href":"https:\/\/www.krajan.pl\/index.php\/wp-json\/wp\/v2\/types\/product"}],"replies":[{"embeddable":true,"href":"https:\/\/www.krajan.pl\/index.php\/wp-json\/wp\/v2\/comments?post=1475"}],"wp:featuredmedia":[{"embeddable":true,"href":"https:\/\/www.krajan.pl\/index.php\/wp-json\/wp\/v2\/media\/31089"}],"wp:attachment":[{"href":"https:\/\/www.krajan.pl\/index.php\/wp-json\/wp\/v2\/media?parent=1475"}],"wp:term":[{"taxonomy":"product_brand","embeddable":true,"href":"https:\/\/www.krajan.pl\/index.php\/wp-json\/wp\/v2\/product_brand?post=1475"},{"taxonomy":"product_cat","embeddable":true,"href":"https:\/\/www.krajan.pl\/index.php\/wp-json\/wp\/v2\/product_cat?post=1475"},{"taxonomy":"product_tag","embeddable":true,"href":"https:\/\/www.krajan.pl\/index.php\/wp-json\/wp\/v2\/product_tag?post=1475"}],"curies":[{"name":"wp","href":"https:\/\/api.w.org\/{rel}","templated":true}]}}