{"id":1458,"date":"2017-10-05T13:01:59","date_gmt":"2017-10-05T11:01:59","guid":{"rendered":"https:\/\/www.krajan.pl\/index.php\/produkt\/eko\/"},"modified":"2024-08-12T00:32:47","modified_gmt":"2024-08-11T22:32:47","slug":"eko","status":"publish","type":"product","link":"https:\/\/www.krajan.pl\/index.php\/produkt\/eko\/","title":{"rendered":"Eko"},"content":{"rendered":"<p><span style=\"font-family: comic sans ms, sans-serif;\">DO\u0141EK :\u00a0 2x klapy uchylne \u2013 na zawiasie wpuszczanym; 1 x drzwiczki.<strong><br \/>\n<\/strong><\/span><\/p>\n<p><span style=\"font-family: comic sans ms, sans-serif;\">P\u0142yta pod lustro:120&#215;40<\/span><\/p>\n<p>&nbsp;<\/p>\n<p><em>Uwagi:<\/em><\/p>\n<p><em><span class=\"ILfuVd\" lang=\"pl\"><span class=\"hgKElc\">\u00a0Kolory na zdj\u0119ciach\u00a0 mog\u0105 si\u0119 nieznacznie r\u00f3\u017cni\u0107 od rzeczywistych \u2013 wynika to z r\u00f3\u017cnorodno\u015bci dost\u0119pnego sprz\u0119tu komputerowego oraz jego indywidualnych ustawie\u0144 a w szczeg\u00f3lno\u015bci ustawie\u0144 monitora i karty graficznej.<\/span><\/span><\/em><\/p>\n<p>Views: 13<\/p>","protected":false},"excerpt":{"rendered":"<p>Informacje :<\/p>\n<p>Szer.\/wys.\/g\u0142.: 140\/200\/43,5 cm<\/p>\n<p>zdj\u0119cie nr 1 kolor: sosna anderson<br \/>\nzdj\u0119cie nr 2 kolor: czekolada<br \/>\nzdj\u0119cie nr 3 kolor: sonoma<\/p>\n<p>&nbsp;<\/p>\n<p>Meble w paczkach do samodzielnego monta\u017cu.<br \/>\nProdukt nowy, oryginalnie zapakowany!<br \/>\nMebel wykonany z laminowanej p\u0142yty wi\u00f3rowej.<br \/>\nFronty: p\u0142yta  front g\u0142adki.<\/p>\n<p>&nbsp;<\/p>\n<p>&nbsp;<\/p>\n","protected":false},"featured_media":27671,"comment_status":"closed","ping_status":"closed","template":"","meta":[],"product_brand":[],"product_cat":[190],"product_tag":[],"class_list":{"0":"post-1458","1":"product","2":"type-product","3":"status-publish","4":"has-post-thumbnail","6":"product_cat-garderoby","7":"pa_kolor-artisan","8":"pa_kolor-canyon","9":"pa_kolor-czekolada","10":"pa_kolor-jesion-portland","11":"pa_kolor-lefkas-ciemny","12":"pa_kolor-sonoma","13":"pa_kolor-sosna-anderson","14":"pa_kolor-trufel","15":"pa_kolor-welington","16":"pa_kolor-wotan","18":"first","19":"outofstock","20":"shipping-taxable","21":"purchasable","22":"product-type-variable"},"_links":{"self":[{"href":"https:\/\/www.krajan.pl\/index.php\/wp-json\/wp\/v2\/product\/1458","targetHints":{"allow":["GET"]}}],"collection":[{"href":"https:\/\/www.krajan.pl\/index.php\/wp-json\/wp\/v2\/product"}],"about":[{"href":"https:\/\/www.krajan.pl\/index.php\/wp-json\/wp\/v2\/types\/product"}],"replies":[{"embeddable":true,"href":"https:\/\/www.krajan.pl\/index.php\/wp-json\/wp\/v2\/comments?post=1458"}],"wp:featuredmedia":[{"embeddable":true,"href":"https:\/\/www.krajan.pl\/index.php\/wp-json\/wp\/v2\/media\/27671"}],"wp:attachment":[{"href":"https:\/\/www.krajan.pl\/index.php\/wp-json\/wp\/v2\/media?parent=1458"}],"wp:term":[{"taxonomy":"product_brand","embeddable":true,"href":"https:\/\/www.krajan.pl\/index.php\/wp-json\/wp\/v2\/product_brand?post=1458"},{"taxonomy":"product_cat","embeddable":true,"href":"https:\/\/www.krajan.pl\/index.php\/wp-json\/wp\/v2\/product_cat?post=1458"},{"taxonomy":"product_tag","embeddable":true,"href":"https:\/\/www.krajan.pl\/index.php\/wp-json\/wp\/v2\/product_tag?post=1458"}],"curies":[{"name":"wp","href":"https:\/\/api.w.org\/{rel}","templated":true}]}}