{"id":1453,"date":"2017-10-05T12:57:10","date_gmt":"2017-10-05T10:57:10","guid":{"rendered":"https:\/\/www.krajan.pl\/index.php\/produkt\/asko\/"},"modified":"2026-01-27T11:18:24","modified_gmt":"2026-01-27T10:18:24","slug":"asko","status":"publish","type":"product","link":"https:\/\/www.krajan.pl\/index.php\/produkt\/asko\/","title":{"rendered":"Asko"},"content":{"rendered":"<p>Komoda szeroko\u015b\u0107: 90 cm<br \/>\nRega\u0142 z wieszakiem szeroko\u015b\u0107: 90 cm (w \u015brodku 1 wieniec i 3 p\u00f3\u0142ki)<br \/>\nLustro: 100&#215;80<\/p>\n<p>&nbsp;<\/p>\n<p><em>Uwagi:<\/em><\/p>\n<p><em><span class=\"ILfuVd\" lang=\"pl\"><span class=\"hgKElc\">\u00a0Kolory na zdj\u0119ciach\u00a0 mog\u0105 si\u0119 nieznacznie r\u00f3\u017cni\u0107 od rzeczywistych \u2013 wynika to z r\u00f3\u017cnorodno\u015bci dost\u0119pnego sprz\u0119tu komputerowego oraz jego indywidualnych ustawie\u0144 a w szczeg\u00f3lno\u015bci ustawie\u0144 monitora i karty graficznej.<\/span><\/span><\/em><\/p>\n<p>Views: 19<\/p>","protected":false},"excerpt":{"rendered":"<p>Informacje :<\/p>\n<p>Szer.\/wys.\/g\u0142.: 180\/201\/43,5 cm<\/p>\n<p>&nbsp;<\/p>\n<h3 data-start=\"156\" data-end=\"239\">\ud83d\udfe4 Nowoczesny zestaw mebli do przedpokoju \u2013 elegancja i funkcjonalno\u015b\u0107 w jednym<\/h3>\n<p data-start=\"241\" data-end=\"459\">Szukasz stylowego i praktycznego rozwi\u0105zania do swojego przedpokoju? Ten <strong data-start=\"314\" data-end=\"382\">nowoczesny zestaw mebli w eleganckim, ciemnym wybarwieniu drewna<\/strong> to doskona\u0142y wyb\u00f3r dla os\u00f3b ceni\u0105cych design, porz\u0105dek i wygod\u0119 u\u017cytkowania.<\/p>\n<p data-start=\"461\" data-end=\"579\">Zestaw \u015bwietnie sprawdzi si\u0119 zar\u00f3wno w mieszkaniu, jak i domu, tworz\u0105c reprezentacyjne pierwsze wra\u017cenie ju\u017c od progu.<\/p>\n<hr data-start=\"581\" data-end=\"584\" \/>\n<h3 data-start=\"586\" data-end=\"613\">\u2728 Najwa\u017cniejsze zalety:<\/h3>\n<p data-start=\"614\" data-end=\"905\">\u2714\ufe0f <strong data-start=\"617\" data-end=\"652\">Nowoczesny, ponadczasowy design<\/strong><br data-start=\"652\" data-end=\"655\" \/>\u2714\ufe0f <strong data-start=\"658\" data-end=\"680\">Funkcjonalny uk\u0142ad<\/strong> \u2013 miejsce na odzie\u017c, obuwie i dodatki<br data-start=\"718\" data-end=\"721\" \/>\u2714\ufe0f <strong data-start=\"724\" data-end=\"743\">Pojemne wn\u0119trza<\/strong> przy zachowaniu kompaktowych wymiar\u00f3w<br data-start=\"781\" data-end=\"784\" \/>\u2714\ufe0f <strong data-start=\"787\" data-end=\"814\">Uniwersalna kolorystyka<\/strong> pasuj\u0105ca do nowoczesnych i loftowych wn\u0119trz<br data-start=\"858\" data-end=\"861\" \/>\u2714\ufe0f <strong data-start=\"864\" data-end=\"885\">Solidne wykonanie<\/strong> i estetyczne detale<\/p>\n<hr data-start=\"907\" data-end=\"910\" \/>\n<h3 data-start=\"912\" data-end=\"945\">\ud83d\udcd0 Wymiary ca\u0142kowite zestawu:<\/h3>\n<ul data-start=\"946\" data-end=\"1023\">\n<li data-start=\"946\" data-end=\"971\">\n<p data-start=\"948\" data-end=\"971\"><strong data-start=\"948\" data-end=\"962\">Szeroko\u015b\u0107:<\/strong> 180 cm<\/p>\n<\/li>\n<li data-start=\"972\" data-end=\"996\">\n<p data-start=\"974\" data-end=\"996\"><strong data-start=\"974\" data-end=\"987\">Wysoko\u015b\u0107:<\/strong> 201 cm<\/p>\n<\/li>\n<li data-start=\"997\" data-end=\"1023\">\n<p data-start=\"999\" data-end=\"1023\"><strong data-start=\"999\" data-end=\"1013\">G\u0142\u0119boko\u015b\u0107:<\/strong> 43,5 cm<\/p>\n<\/li>\n<\/ul>\n<p data-start=\"1025\" data-end=\"1107\">Idealne proporcje zapewniaj\u0105 du\u017c\u0105 pojemno\u015b\u0107 bez zajmowania nadmiernej przestrzeni.<\/p>\n<hr data-start=\"1109\" data-end=\"1112\" \/>\n<h3 data-start=\"1114\" data-end=\"1145\">\ud83e\udde5 W sk\u0142ad zestawu wchodz\u0105:<\/h3>\n<ul data-start=\"1146\" data-end=\"1378\">\n<li data-start=\"1191\" data-end=\"1249\">\n<p data-start=\"1193\" data-end=\"1249\"><strong data-start=\"1193\" data-end=\"1211\">Komoda na buty<\/strong> \u2013 porz\u0105dek i \u0142atwy dost\u0119p do obuwia<\/p>\n<\/li>\n<li data-start=\"1250\" data-end=\"1315\">\n<p data-start=\"1252\" data-end=\"1315\"><strong data-start=\"1252\" data-end=\"1274\">Rega\u0142 z wieszakami<\/strong> \u2013 wygodne miejsce na codzienne okrycia<\/p>\n<\/li>\n<li data-start=\"1316\" data-end=\"1378\">\n<p data-start=\"1318\" data-end=\"1378\"><strong data-start=\"1318\" data-end=\"1328\">Lustro<\/strong> \u2013 optycznie powi\u0119ksza i rozja\u015bnia pomieszczenie<\/p>\n<\/li>\n<\/ul>\n<hr data-start=\"1380\" data-end=\"1383\" \/>\n<h3 data-start=\"1385\" data-end=\"1413\">\ud83c\udfe1 Idealny wyb\u00f3r, je\u015bli:<\/h3>\n<ul data-start=\"1414\" data-end=\"1585\">\n<li data-start=\"1414\" data-end=\"1472\">\n<p data-start=\"1416\" data-end=\"1472\">chcesz urz\u0105dzi\u0107 <strong data-start=\"1432\" data-end=\"1469\">nowoczesny i elegancki przedpok\u00f3j<\/strong>,<\/p>\n<\/li>\n<li data-start=\"1473\" data-end=\"1521\">\n<p data-start=\"1475\" data-end=\"1521\">zale\u017cy Ci na <strong data-start=\"1488\" data-end=\"1518\">praktycznym przechowywaniu<\/strong>,<\/p>\n<\/li>\n<li data-start=\"1522\" data-end=\"1585\">\n<p data-start=\"1524\" data-end=\"1585\">szukasz zestawu, kt\u00f3ry <strong data-start=\"1547\" data-end=\"1584\">\u0142\u0105czy estetyk\u0119 z funkcjonalno\u015bci\u0105<\/strong>.<\/p>\n<\/li>\n<\/ul>\n<p data-start=\"1587\" data-end=\"1727\">Postaw na komplet, kt\u00f3ry uporz\u0105dkuje Twoj\u0105 przestrze\u0144 i podkre\u015bli charakter wn\u0119trza. <strong data-start=\"1672\" data-end=\"1727\">Styl, wygoda i jako\u015b\u0107 \u2013 wszystko w jednym zestawie.<\/strong><\/p>\n<p>&nbsp;<\/p>\n<p>&nbsp;<\/p>\n<p>zdj\u0119cie nr 1 kolor: czekolada<br \/>\nzdj\u0119cie nr 2 kolor: sanremo rust<\/p>\n<p>&nbsp;<\/p>\n<p>Meble w paczkach do samodzielnego monta\u017cu.<br \/>\nProdukt nowy, oryginalnie zapakowany!<br \/>\nMebel wykonany z laminowanej p\u0142yty wi\u00f3rowej.<br \/>\nFronty: p\u0142yta front g\u0142adki..<\/p>\n<p>&nbsp;<\/p>\n<p>&nbsp;<\/p>\n","protected":false},"featured_media":31096,"comment_status":"closed","ping_status":"closed","template":"","meta":[],"product_brand":[],"product_cat":[190],"product_tag":[],"class_list":{"0":"post-1453","1":"product","2":"type-product","3":"status-publish","4":"has-post-thumbnail","6":"product_cat-garderoby","7":"pa_kolor-artisan","8":"pa_kolor-canyon","9":"pa_kolor-jesion-portland","10":"pa_kolor-lefkas-ciemny","11":"pa_kolor-sosna-anderson","12":"pa_kolor-trufel","13":"pa_kolor-wellington","14":"pa_kolor-wotan","16":"first","17":"outofstock","18":"shipping-taxable","19":"purchasable","20":"product-type-variable"},"_links":{"self":[{"href":"https:\/\/www.krajan.pl\/index.php\/wp-json\/wp\/v2\/product\/1453","targetHints":{"allow":["GET"]}}],"collection":[{"href":"https:\/\/www.krajan.pl\/index.php\/wp-json\/wp\/v2\/product"}],"about":[{"href":"https:\/\/www.krajan.pl\/index.php\/wp-json\/wp\/v2\/types\/product"}],"replies":[{"embeddable":true,"href":"https:\/\/www.krajan.pl\/index.php\/wp-json\/wp\/v2\/comments?post=1453"}],"wp:featuredmedia":[{"embeddable":true,"href":"https:\/\/www.krajan.pl\/index.php\/wp-json\/wp\/v2\/media\/31096"}],"wp:attachment":[{"href":"https:\/\/www.krajan.pl\/index.php\/wp-json\/wp\/v2\/media?parent=1453"}],"wp:term":[{"taxonomy":"product_brand","embeddable":true,"href":"https:\/\/www.krajan.pl\/index.php\/wp-json\/wp\/v2\/product_brand?post=1453"},{"taxonomy":"product_cat","embeddable":true,"href":"https:\/\/www.krajan.pl\/index.php\/wp-json\/wp\/v2\/product_cat?post=1453"},{"taxonomy":"product_tag","embeddable":true,"href":"https:\/\/www.krajan.pl\/index.php\/wp-json\/wp\/v2\/product_tag?post=1453"}],"curies":[{"name":"wp","href":"https:\/\/api.w.org\/{rel}","templated":true}]}}