{"id":1448,"date":"2017-10-05T12:48:06","date_gmt":"2017-10-05T10:48:06","guid":{"rendered":"https:\/\/www.krajan.pl\/index.php\/produkt\/agis\/"},"modified":"2026-03-12T14:27:03","modified_gmt":"2026-03-12T13:27:03","slug":"agis","status":"publish","type":"product","link":"https:\/\/www.krajan.pl\/index.php\/produkt\/agis\/","title":{"rendered":"Agis &#8211; Mat"},"content":{"rendered":"<p>Wn\u0119trze szafy:\u00a0 na g\u00f3rze p\u00f3\u0142ka, pod ni\u0105 dr\u0105\u017cek wysuwny.<\/p>\n<p>&nbsp;<\/p>\n<p><em>Uwagi:<\/em><\/p>\n<p><em><span class=\"ILfuVd\" lang=\"pl\"><span class=\"hgKElc\">\u00a0Kolory na zdj\u0119ciach\u00a0 mog\u0105 si\u0119 nieznacznie r\u00f3\u017cni\u0107 od rzeczywistych \u2013 wynika to z r\u00f3\u017cnorodno\u015bci dost\u0119pnego sprz\u0119tu komputerowego oraz jego indywidualnych ustawie\u0144 a w szczeg\u00f3lno\u015bci ustawie\u0144 monitora i karty graficznej.<\/span><\/span><\/em><\/p>\n<p>Views: 25<\/p>","protected":false},"excerpt":{"rendered":"<p>Informacje :<\/p>\n<p>Szer.\/wys.\/g\u0142.: 120\/204\/40 cm<\/p>\n<p>&nbsp;<\/p>\n<p>Meble w paczkach do samodzielnego monta\u017cu.<br \/>\nProdukt nowy, oryginalnie zapakowany!<br \/>\nMebel wykonany z laminowanej p\u0142yty wi\u00f3rowej.<br \/>\nFronty: p\u0142yta front g\u0142adki.<\/p>\n<p>&nbsp;<\/p>\n<p>&nbsp;<\/p>\n","protected":false},"featured_media":31271,"comment_status":"closed","ping_status":"closed","template":"","meta":[],"product_brand":[],"product_cat":[190],"product_tag":[],"class_list":{"0":"post-1448","1":"product","2":"type-product","3":"status-publish","4":"has-post-thumbnail","6":"product_cat-garderoby","7":"pa_kolor-artisan-bialy","8":"pa_kolor-wotan-jesion-portland","9":"pa_kolor-wotan-anderson","10":"pa_kolor-wotan-bialy","12":"first","13":"outofstock","14":"shipping-taxable","15":"purchasable","16":"product-type-variable"},"_links":{"self":[{"href":"https:\/\/www.krajan.pl\/index.php\/wp-json\/wp\/v2\/product\/1448","targetHints":{"allow":["GET"]}}],"collection":[{"href":"https:\/\/www.krajan.pl\/index.php\/wp-json\/wp\/v2\/product"}],"about":[{"href":"https:\/\/www.krajan.pl\/index.php\/wp-json\/wp\/v2\/types\/product"}],"replies":[{"embeddable":true,"href":"https:\/\/www.krajan.pl\/index.php\/wp-json\/wp\/v2\/comments?post=1448"}],"wp:featuredmedia":[{"embeddable":true,"href":"https:\/\/www.krajan.pl\/index.php\/wp-json\/wp\/v2\/media\/31271"}],"wp:attachment":[{"href":"https:\/\/www.krajan.pl\/index.php\/wp-json\/wp\/v2\/media?parent=1448"}],"wp:term":[{"taxonomy":"product_brand","embeddable":true,"href":"https:\/\/www.krajan.pl\/index.php\/wp-json\/wp\/v2\/product_brand?post=1448"},{"taxonomy":"product_cat","embeddable":true,"href":"https:\/\/www.krajan.pl\/index.php\/wp-json\/wp\/v2\/product_cat?post=1448"},{"taxonomy":"product_tag","embeddable":true,"href":"https:\/\/www.krajan.pl\/index.php\/wp-json\/wp\/v2\/product_tag?post=1448"}],"curies":[{"name":"wp","href":"https:\/\/api.w.org\/{rel}","templated":true}]}}