{"id":1444,"date":"2017-10-05T10:01:05","date_gmt":"2017-10-05T08:01:05","guid":{"rendered":"https:\/\/www.krajan.pl\/index.php\/produkt\/zefir-a\/"},"modified":"2024-11-07T15:56:28","modified_gmt":"2024-11-07T14:56:28","slug":"zefir-a","status":"publish","type":"product","link":"https:\/\/www.krajan.pl\/index.php\/produkt\/zefir-a\/","title":{"rendered":"Zefir A"},"content":{"rendered":"<p><em>Uwagi:<\/em><br \/>\n<em><span class=\"ILfuVd\" lang=\"pl\"><span class=\"hgKElc\">\u00a0Kolory na zdj\u0119ciach\u00a0 mog\u0105 si\u0119 nieznacznie r\u00f3\u017cni\u0107 od rzeczywistych \u2013 wynika to z r\u00f3\u017cnorodno\u015bci dost\u0119pnego sprz\u0119tu komputerowego oraz jego indywidualnych ustawie\u0144 a w szczeg\u00f3lno\u015bci ustawie\u0144 monitora i karty graficznej.<\/span><\/span><\/em><\/p>\n<p>Views: 5<\/p>","protected":false},"excerpt":{"rendered":"<div id=\"opisy\"><span style=\"font-family: tahoma, arial, helvetica, sans-serif;\">Szer.\/wys.\/g\u0142.: 240\/xx\/42 cm<\/span><\/div>\n<div id=\"box_bottom\">\n<div class=\"paleta_box\">\n<div>\n<p><strong>Zestaw ZEFIR A<\/strong> cechuje nowoczesny i elegancki design, solidno\u015b\u0107 oraz funkcjonalno\u015b\u0107. Wykonane z wysokiej jako\u015bci p\u0142yty laminowanej pozwol\u0105 cieszy\u0107 si\u0119 trwa\u0142o\u015bci\u0105 przez d\u0142ugie lata, a prostota wykonania daje wygod\u0119 u\u017cytkowania nawet najbardziej wymagaj\u0105cym. Meble sprawdz\u0105 si\u0119 w pokojach dziennych oraz salonach. Meble s\u0105 pojemne i dost\u0119pne w r\u00f3\u017cnych kolorach.<\/p>\n<p><strong>Wymiary:<\/strong><\/p>\n<p>\u2013\u00a0szeroko\u015b\u0107 240 cm\u00a0\/ wysoko\u015b\u0107 XX cm \/ g\u0142\u0119boko\u015b\u0107 42 cm<\/p>\n<p><strong>Informacje dodatkowe:<\/strong><\/p>\n<p>\u2013 zestaw sk\u0142ada si\u0119 z 6 element\u00f3w,<br \/>\n\u2013 dolne szafki (szuflady): 120-120, wys.35,8 cm<br \/>\n\u2013 g\u00f3rne szafki:100-100-90(barek),<br \/>\n\u2013 g\u00f3rna szafka pionowa: szer.30cm\/ wys.112 cm,<br \/>\n\u2013 kolorystyka front\u00f3w do wyboru, dost\u0119pne w po\u0142ysku oraz mat,<br \/>\n\u2013 uchwyty oraz n\u00f3\u017cki wykonane z wysokogatunkowego tworzywa sztucznego, kt\u00f3re zapewniaj\u0105 trwa\u0142o\u015b\u0107 oraz komfort u\u017cytkowania,<br \/>\n\u2013 meble s\u0105 nowe, zapakowane w paczkach do samodzielnego monta\u017cu, wraz z czyteln\u0105 instrukcj\u0105 oraz akcesoriami.<br \/>\n\u2013 meblo\u015bcianka z wizualizacji wykonana w kolorze: sosna bia\u0142a\/artisan<br \/>\n&#8211;\u00a0 mo\u017cliwo\u015b\u0107 dokupienia szafy o szeroko\u015bci 90 cm<\/p>\n<\/div>\n<\/div>\n<\/div>\n","protected":false},"featured_media":27665,"comment_status":"closed","ping_status":"closed","template":"","meta":[],"product_brand":[],"product_cat":[149,150],"product_tag":[],"class_list":{"0":"post-1444","1":"product","2":"type-product","3":"status-publish","4":"has-post-thumbnail","6":"product_cat-meble-pokojowe","7":"product_cat-mebloscianki-nowoczesne","8":"pa_kolor-anderson-lancelot","9":"pa_kolor-anderson-wotan","11":"first","12":"outofstock","13":"shipping-taxable","14":"purchasable","15":"product-type-variable"},"_links":{"self":[{"href":"https:\/\/www.krajan.pl\/index.php\/wp-json\/wp\/v2\/product\/1444","targetHints":{"allow":["GET"]}}],"collection":[{"href":"https:\/\/www.krajan.pl\/index.php\/wp-json\/wp\/v2\/product"}],"about":[{"href":"https:\/\/www.krajan.pl\/index.php\/wp-json\/wp\/v2\/types\/product"}],"replies":[{"embeddable":true,"href":"https:\/\/www.krajan.pl\/index.php\/wp-json\/wp\/v2\/comments?post=1444"}],"wp:featuredmedia":[{"embeddable":true,"href":"https:\/\/www.krajan.pl\/index.php\/wp-json\/wp\/v2\/media\/27665"}],"wp:attachment":[{"href":"https:\/\/www.krajan.pl\/index.php\/wp-json\/wp\/v2\/media?parent=1444"}],"wp:term":[{"taxonomy":"product_brand","embeddable":true,"href":"https:\/\/www.krajan.pl\/index.php\/wp-json\/wp\/v2\/product_brand?post=1444"},{"taxonomy":"product_cat","embeddable":true,"href":"https:\/\/www.krajan.pl\/index.php\/wp-json\/wp\/v2\/product_cat?post=1444"},{"taxonomy":"product_tag","embeddable":true,"href":"https:\/\/www.krajan.pl\/index.php\/wp-json\/wp\/v2\/product_tag?post=1444"}],"curies":[{"name":"wp","href":"https:\/\/api.w.org\/{rel}","templated":true}]}}