{"id":1436,"date":"2017-10-05T09:45:54","date_gmt":"2017-10-05T07:45:54","guid":{"rendered":"https:\/\/www.krajan.pl\/index.php\/produkt\/wiktor\/"},"modified":"2026-03-04T16:50:14","modified_gmt":"2026-03-04T15:50:14","slug":"wiktor","status":"publish","type":"product","link":"https:\/\/www.krajan.pl\/index.php\/produkt\/wiktor\/","title":{"rendered":"Wiktor"},"content":{"rendered":"<p><em>Uwagi:<\/em><br \/>\n<em><span class=\"ILfuVd\" lang=\"pl\"><span class=\"hgKElc\">\u00a0Kolory na zdj\u0119ciach\u00a0 mog\u0105 si\u0119 nieznacznie r\u00f3\u017cni\u0107 od rzeczywistych \u2013 wynika to z r\u00f3\u017cnorodno\u015bci dost\u0119pnego sprz\u0119tu komputerowego oraz jego indywidualnych ustawie\u0144 a w szczeg\u00f3lno\u015bci ustawie\u0144 monitora i karty graficznej.<\/span><\/span><\/em><\/p>\n<p>Views: 29<\/p>","protected":false},"excerpt":{"rendered":"<p>Szer.\/wys.\/g\u0142.: 368\/212\/53 cm<\/p>\n<p><strong>Zestaw WIKTOR<\/strong>\u00a0to rozwi\u0105zanie dla os\u00f3b ceni\u0105cych pe\u0142ne wykorzystanie powierzchni u\u017cytkowej w swoich wn\u0119trzach. Wysokie elementy zapewniaj\u0105 wiele miejsca do przechowywania, a ich przeszklona cz\u0119\u015b\u0107 daje mo\u017cliwo\u015b\u0107 wyeksponowania szczeg\u00f3lnie lubianych przedmiot\u00f3w. Proste bry\u0142y czyni\u0105 zestaw uniwersalnym i ponadczasowym.Meble s\u0105 pojemne i dost\u0119pne w r\u00f3\u017cnych kolorach.<\/p>\n<p><strong>Wymiary:<\/strong><\/p>\n<p>\u2013 szeroko\u015b\u0107 368 cm \/ wysoko\u015b\u0107 212 cm \/ g\u0142\u0119boko\u015b\u0107 53 cm<\/p>\n<p><strong>Informacje dodatkowe:<\/strong><\/p>\n<p>\u2013 p\u0142yta laminowana o grubo\u015bci 16 mm;<br \/>\n\u2013 w standardzie zastosowano w witrynach p\u00f3\u0142ki z p\u0142yty laminowanej,<br \/>\n\u2013 uchwyty wykonane z tworzywa sztucznego, kt\u00f3re zapewniaj\u0105 trwa\u0142o\u015b\u0107 oraz komfort u\u017cytkowania,<br \/>\n\u2013\u00a0<strong>wn\u0119ka na telewizor szer. 84,7 cm<\/strong>,<br \/>\n\u2013 meble s\u0105 nowe, zapakowane w paczkach do samodzielnego monta\u017cu, wraz z czyteln\u0105 instrukcj\u0105 oraz akcesoriami.<br \/>\n\u2013 meblo\u015bcianka z wizualizacji wykonana w kolorze: orzech<\/p>\n","protected":false},"featured_media":31257,"comment_status":"closed","ping_status":"closed","template":"","meta":[],"product_brand":[],"product_cat":[149,157],"product_tag":[],"class_list":{"0":"post-1436","1":"product","2":"type-product","3":"status-publish","4":"has-post-thumbnail","6":"product_cat-meble-pokojowe","7":"product_cat-mebloscianki-klasyczne","8":"pa_kolor-czekolada","9":"pa_kolor-lefkas-ciemny","10":"pa_kolor-orzech-ecco","11":"pa_kolor-sonoma","12":"pa_kolor-trufel","14":"first","15":"outofstock","16":"shipping-taxable","17":"purchasable","18":"product-type-variable"},"_links":{"self":[{"href":"https:\/\/www.krajan.pl\/index.php\/wp-json\/wp\/v2\/product\/1436","targetHints":{"allow":["GET"]}}],"collection":[{"href":"https:\/\/www.krajan.pl\/index.php\/wp-json\/wp\/v2\/product"}],"about":[{"href":"https:\/\/www.krajan.pl\/index.php\/wp-json\/wp\/v2\/types\/product"}],"replies":[{"embeddable":true,"href":"https:\/\/www.krajan.pl\/index.php\/wp-json\/wp\/v2\/comments?post=1436"}],"wp:featuredmedia":[{"embeddable":true,"href":"https:\/\/www.krajan.pl\/index.php\/wp-json\/wp\/v2\/media\/31257"}],"wp:attachment":[{"href":"https:\/\/www.krajan.pl\/index.php\/wp-json\/wp\/v2\/media?parent=1436"}],"wp:term":[{"taxonomy":"product_brand","embeddable":true,"href":"https:\/\/www.krajan.pl\/index.php\/wp-json\/wp\/v2\/product_brand?post=1436"},{"taxonomy":"product_cat","embeddable":true,"href":"https:\/\/www.krajan.pl\/index.php\/wp-json\/wp\/v2\/product_cat?post=1436"},{"taxonomy":"product_tag","embeddable":true,"href":"https:\/\/www.krajan.pl\/index.php\/wp-json\/wp\/v2\/product_tag?post=1436"}],"curies":[{"name":"wp","href":"https:\/\/api.w.org\/{rel}","templated":true}]}}