{"id":1433,"date":"2017-10-05T09:37:15","date_gmt":"2017-10-05T07:37:15","guid":{"rendered":"https:\/\/www.krajan.pl\/index.php\/produkt\/torino\/"},"modified":"2026-01-30T09:40:50","modified_gmt":"2026-01-30T08:40:50","slug":"torino","status":"publish","type":"product","link":"https:\/\/www.krajan.pl\/index.php\/produkt\/torino\/","title":{"rendered":"Torino"},"content":{"rendered":"<p><em>Uwagi:<\/em><br \/>\n<em><span class=\"ILfuVd\" lang=\"pl\"><span class=\"hgKElc\">\u00a0Kolory na zdj\u0119ciach\u00a0 mog\u0105 si\u0119 nieznacznie r\u00f3\u017cni\u0107 od rzeczywistych \u2013 wynika to z r\u00f3\u017cnorodno\u015bci dost\u0119pnego sprz\u0119tu komputerowego oraz jego indywidualnych ustawie\u0144 a w szczeg\u00f3lno\u015bci ustawie\u0144 monitora i karty graficznej.<\/span><\/span><\/em><\/p>\n<p>Views: 19<\/p>","protected":false},"excerpt":{"rendered":"<p>Szer.\/wys.\/g\u0142.: 330\/210\/53 cm<\/p>\n<p><strong>Zestaw TORINO<\/strong> to wyj\u0105tkowo atrakcyjna, uniwersalna, du\u017ca, nowoczesna meblo\u015bcianka. Doskonale zaprojektowana, bardzo wygodna i komfortowa w u\u017cytkowaniu. Wykonana z wysokiej jako\u015bci p\u0142yty laminowanej pozwoli cieszy\u0107 si\u0119 trwa\u0142o\u015bci\u0105 przez d\u0142ugie lata. Meble sprawdz\u0105 si\u0119 w pokojach dziennych oraz salonach. Meble s\u0105 pojemne i dost\u0119pne w r\u00f3\u017cnych kolorach.<\/p>\n<p><strong>Wymiary:<\/strong><\/p>\n<p>\u2013 szeroko\u015b\u0107 330 cm \/ wysoko\u015b\u0107 210 cm \/ g\u0142\u0119boko\u015b\u0107 53 cm<\/p>\n<p><strong>Informacje dodatkowe:<\/strong><\/p>\n<p>\u2013 p\u0142yta laminowana o grubo\u015bci 16 mm, blaty 22 mm,<br \/>\n\u2013 w standardzie zastosowano w witrynach p\u00f3\u0142ki z p\u0142yty laminowanej,<br \/>\n\u2013 mo\u017cliwo\u015b\u0107 zam\u00f3wienia w witrynach p\u00f3\u0142ki szklane i o\u015bwietlenie LED -za dop\u0142at\u0105,<br \/>\n\u2013 uchwyty i stopki wykonane z tworzywa sztucznego, kt\u00f3re zapewniaj\u0105 trwa\u0142o\u015b\u0107 oraz komfort u\u017cytkowania,<br \/>\n\u2013 wn\u0119ka na telewizor szer.125 cm,<br \/>\n\u2013 meble s\u0105 nowe, zapakowane w paczkach do samodzielnego monta\u017cu, wraz z czyteln\u0105 instrukcj\u0105 oraz akcesoriami.<br \/>\n\u2013 meblo\u015bcianka z wizualizacji wykonana w kolorze: syrach\/sangha wenge<\/p>\n","protected":false},"featured_media":31128,"comment_status":"closed","ping_status":"closed","template":"","meta":[],"product_brand":[],"product_cat":[149,150],"product_tag":[],"class_list":{"0":"post-1433","1":"product","2":"type-product","3":"status-publish","4":"has-post-thumbnail","6":"product_cat-meble-pokojowe","7":"product_cat-mebloscianki-nowoczesne","8":"pa_kolor-grafit-artisan","9":"pa_kolor-lefkas-ciemny-anderson","10":"pa_kolor-sonoma-czekolada","11":"pa_kolor-trufel-anderson","12":"pa_kolor-wotan-anderson","14":"first","15":"outofstock","16":"shipping-taxable","17":"purchasable","18":"product-type-variable"},"_links":{"self":[{"href":"https:\/\/www.krajan.pl\/index.php\/wp-json\/wp\/v2\/product\/1433","targetHints":{"allow":["GET"]}}],"collection":[{"href":"https:\/\/www.krajan.pl\/index.php\/wp-json\/wp\/v2\/product"}],"about":[{"href":"https:\/\/www.krajan.pl\/index.php\/wp-json\/wp\/v2\/types\/product"}],"replies":[{"embeddable":true,"href":"https:\/\/www.krajan.pl\/index.php\/wp-json\/wp\/v2\/comments?post=1433"}],"wp:featuredmedia":[{"embeddable":true,"href":"https:\/\/www.krajan.pl\/index.php\/wp-json\/wp\/v2\/media\/31128"}],"wp:attachment":[{"href":"https:\/\/www.krajan.pl\/index.php\/wp-json\/wp\/v2\/media?parent=1433"}],"wp:term":[{"taxonomy":"product_brand","embeddable":true,"href":"https:\/\/www.krajan.pl\/index.php\/wp-json\/wp\/v2\/product_brand?post=1433"},{"taxonomy":"product_cat","embeddable":true,"href":"https:\/\/www.krajan.pl\/index.php\/wp-json\/wp\/v2\/product_cat?post=1433"},{"taxonomy":"product_tag","embeddable":true,"href":"https:\/\/www.krajan.pl\/index.php\/wp-json\/wp\/v2\/product_tag?post=1433"}],"curies":[{"name":"wp","href":"https:\/\/api.w.org\/{rel}","templated":true}]}}