{"id":1428,"date":"2017-10-05T09:28:28","date_gmt":"2017-10-05T07:28:28","guid":{"rendered":"https:\/\/www.krajan.pl\/index.php\/produkt\/sonata\/"},"modified":"2024-08-12T00:32:03","modified_gmt":"2024-08-11T22:32:03","slug":"sonata","status":"publish","type":"product","link":"https:\/\/www.krajan.pl\/index.php\/produkt\/sonata\/","title":{"rendered":"Sonata"},"content":{"rendered":"<p>Views: 24<\/p>","protected":false},"excerpt":{"rendered":"<p>Szer.\/wys.\/g\u0142.:300\/202\/50 cm<\/p>\n<p><strong>Zestaw SONATA<\/strong> cechuje nowoczesny i elegancki design, solidno\u015b\u0107 oraz funkcjonalno\u015b\u0107. Wykonane z wysokiej jako\u015bci p\u0142yty laminowanej pozwol\u0105 cieszy\u0107 si\u0119 trwa\u0142o\u015bci\u0105 przez d\u0142ugie lata, a prostota wykonania daje wygod\u0119 u\u017cytkowania nawet najbardziej wymagaj\u0105cym.\u00a0 Meble sprawdz\u0105 si\u0119 w pokojach dziennych oraz salonach. Meble s\u0105 pojemne i dost\u0119pne w r\u00f3\u017cnych kolorach.<\/p>\n<p><strong>Wymiary:<\/strong><\/p>\n<p>\u2013 szeroko\u015b\u0107 300 cm \/ wysoko\u015b\u0107 202 cm \/ g\u0142\u0119boko\u015b\u0107 50 cm<\/p>\n<p><strong>Informacje dodatkowe:<\/strong><\/p>\n<p>\u2013 p\u0142yta laminowana o grubo\u015bci 16 mm, blaty 22 mm<br \/>\n\u2013 w standardzie zastosowano w witrynach p\u00f3\u0142ki z p\u0142yty laminowanej,<br \/>\n\u2013 uchwyty wykonane z tworzywa sztucznego, kt\u00f3re zapewniaj\u0105 trwa\u0142o\u015b\u0107 oraz komfort u\u017cytkowania,<br \/>\n\u2013<strong>\u00a0wn\u0119ka na telewizor szer.120 cm<\/strong><br \/>\n\u2013 meble s\u0105 nowe, zapakowane w paczkach do samodzielnego monta\u017cu, wraz z czyteln\u0105 instrukcj\u0105 oraz akcesoriami.<br \/>\n\u2013 meblo\u015bcianka z wizualizacji wykonana w kolorze: czekolada<\/p>\n","protected":false},"featured_media":27657,"comment_status":"closed","ping_status":"closed","template":"","meta":[],"product_brand":[],"product_cat":[149,150],"product_tag":[],"class_list":{"0":"post-1428","1":"product","2":"type-product","3":"status-publish","4":"has-post-thumbnail","6":"product_cat-meble-pokojowe","7":"product_cat-mebloscianki-nowoczesne","8":"pa_kolor-artisan","9":"pa_kolor-canyon","10":"pa_kolor-czekolada","11":"pa_kolor-lefkas-ciemny","12":"pa_kolor-sonoma","13":"pa_kolor-wotan","15":"first","16":"outofstock","17":"shipping-taxable","18":"purchasable","19":"product-type-variable"},"_links":{"self":[{"href":"https:\/\/www.krajan.pl\/index.php\/wp-json\/wp\/v2\/product\/1428","targetHints":{"allow":["GET"]}}],"collection":[{"href":"https:\/\/www.krajan.pl\/index.php\/wp-json\/wp\/v2\/product"}],"about":[{"href":"https:\/\/www.krajan.pl\/index.php\/wp-json\/wp\/v2\/types\/product"}],"replies":[{"embeddable":true,"href":"https:\/\/www.krajan.pl\/index.php\/wp-json\/wp\/v2\/comments?post=1428"}],"wp:featuredmedia":[{"embeddable":true,"href":"https:\/\/www.krajan.pl\/index.php\/wp-json\/wp\/v2\/media\/27657"}],"wp:attachment":[{"href":"https:\/\/www.krajan.pl\/index.php\/wp-json\/wp\/v2\/media?parent=1428"}],"wp:term":[{"taxonomy":"product_brand","embeddable":true,"href":"https:\/\/www.krajan.pl\/index.php\/wp-json\/wp\/v2\/product_brand?post=1428"},{"taxonomy":"product_cat","embeddable":true,"href":"https:\/\/www.krajan.pl\/index.php\/wp-json\/wp\/v2\/product_cat?post=1428"},{"taxonomy":"product_tag","embeddable":true,"href":"https:\/\/www.krajan.pl\/index.php\/wp-json\/wp\/v2\/product_tag?post=1428"}],"curies":[{"name":"wp","href":"https:\/\/api.w.org\/{rel}","templated":true}]}}