{"id":1376,"date":"2017-09-28T11:16:08","date_gmt":"2017-09-28T09:16:08","guid":{"rendered":"https:\/\/www.krajan.pl\/index.php\/produkt\/matrix\/"},"modified":"2026-02-24T15:11:34","modified_gmt":"2026-02-24T14:11:34","slug":"matrix","status":"publish","type":"product","link":"https:\/\/www.krajan.pl\/index.php\/produkt\/matrix\/","title":{"rendered":"Matrix"},"content":{"rendered":"<p>Kolor na 1 zdj\u0119ciu: wenge\/d\u0105b latte<\/p>\n<p>Kolor na 2 zdj\u0119ciu: czekolada<\/p>\n<p><em>Uwagi:<\/em><br \/>\n<em><span class=\"ILfuVd\" lang=\"pl\"><span class=\"hgKElc\">\u00a0Kolory na zdj\u0119ciach\u00a0 mog\u0105 si\u0119 nieznacznie r\u00f3\u017cni\u0107 od rzeczywistych \u2013 wynika to z r\u00f3\u017cnorodno\u015bci dost\u0119pnego sprz\u0119tu komputerowego oraz jego indywidualnych ustawie\u0144 a w szczeg\u00f3lno\u015bci ustawie\u0144 monitora i karty graficznej.<\/span><\/span><\/em><\/p>\n<p>Views: 44<\/p>","protected":false},"excerpt":{"rendered":"<p>Szer.\/wys.\/g\u0142.: 373\/200\/53 cm<\/p>\n<p><strong>Zestaw MATRIX<\/strong> to wyj\u0105tkowo atrakcyjna, uniwersalna, du\u017ca,\u00a0 nowoczesna meblo\u015bcianka. Doskonale zaprojektowana, bardzo wygodna i komfortowa w u\u017cytkowaniu. Wykonana z wysokiej jako\u015bci p\u0142yty laminowanej pozwoli cieszy\u0107 si\u0119 trwa\u0142o\u015bci\u0105 przez d\u0142ugie lata. Meble sprawdz\u0105 si\u0119 w pokojach dziennych oraz salonach. Meble s\u0105 pojemne i dost\u0119pne w r\u00f3\u017cnych kolorach.<\/p>\n<p><strong>Wymiary:<\/strong><\/p>\n<p>\u2013 szeroko\u015b\u0107 373 cm \/ wysoko\u015b\u0107 200 cm \/ g\u0142\u0119boko\u015b\u0107 53 cm<\/p>\n<p><strong>Informacje dodatkowe:<\/strong><\/p>\n<p>\u2013 p\u0142yta laminowana o grubo\u015bci 16 mm, blaty 22 mm<br \/>\n\u2013 w standardzie zastosowano w witrynach p\u00f3\u0142ki z p\u0142yty laminowanej,<br \/>\n\u2013 uchwyty\u00a0 wykonane z tworzywa sztucznego, kt\u00f3re zapewniaj\u0105 trwa\u0142o\u015b\u0107 oraz komfort u\u017cytkowania,<br \/>\n\u2013 szerokie boczne listwy MDF sprawiaj\u0105, \u017ce meble s\u0105 jeszcze bardziej stabilne.<br \/>\n\u2013<strong>\u00a0wn\u0119ka na telewizor szer.110,5 cm<\/strong><br \/>\n\u2013 meble s\u0105 nowe, zapakowane w paczkach do samodzielnego monta\u017cu, wraz z czyteln\u0105 instrukcj\u0105 oraz akcesoriami.<br \/>\n\u2013 meblo\u015bcianka z wizualizacji wykonana w kolorze: czekolada<\/p>\n","protected":false},"featured_media":31193,"comment_status":"closed","ping_status":"closed","template":"","meta":[],"product_brand":[],"product_cat":[149,157],"product_tag":[],"class_list":{"0":"post-1376","1":"product","2":"type-product","3":"status-publish","4":"has-post-thumbnail","6":"product_cat-meble-pokojowe","7":"product_cat-mebloscianki-klasyczne","8":"pa_kolor-czekolada","9":"pa_kolor-lefkas-ciemny","10":"pa_kolor-trufel","11":"pa_kolor-wenge-artisan","12":"pa_kolor-wenge-canyon","13":"pa_kolor-wenge-dab-latte","15":"first","16":"outofstock","17":"shipping-taxable","18":"purchasable","19":"product-type-variable"},"_links":{"self":[{"href":"https:\/\/www.krajan.pl\/index.php\/wp-json\/wp\/v2\/product\/1376","targetHints":{"allow":["GET"]}}],"collection":[{"href":"https:\/\/www.krajan.pl\/index.php\/wp-json\/wp\/v2\/product"}],"about":[{"href":"https:\/\/www.krajan.pl\/index.php\/wp-json\/wp\/v2\/types\/product"}],"replies":[{"embeddable":true,"href":"https:\/\/www.krajan.pl\/index.php\/wp-json\/wp\/v2\/comments?post=1376"}],"wp:featuredmedia":[{"embeddable":true,"href":"https:\/\/www.krajan.pl\/index.php\/wp-json\/wp\/v2\/media\/31193"}],"wp:attachment":[{"href":"https:\/\/www.krajan.pl\/index.php\/wp-json\/wp\/v2\/media?parent=1376"}],"wp:term":[{"taxonomy":"product_brand","embeddable":true,"href":"https:\/\/www.krajan.pl\/index.php\/wp-json\/wp\/v2\/product_brand?post=1376"},{"taxonomy":"product_cat","embeddable":true,"href":"https:\/\/www.krajan.pl\/index.php\/wp-json\/wp\/v2\/product_cat?post=1376"},{"taxonomy":"product_tag","embeddable":true,"href":"https:\/\/www.krajan.pl\/index.php\/wp-json\/wp\/v2\/product_tag?post=1376"}],"curies":[{"name":"wp","href":"https:\/\/api.w.org\/{rel}","templated":true}]}}