{"id":1351,"date":"2017-09-28T10:33:09","date_gmt":"2017-09-28T08:33:09","guid":{"rendered":"https:\/\/www.krajan.pl\/index.php\/produkt\/hindi\/"},"modified":"2026-04-01T15:11:59","modified_gmt":"2026-04-01T13:11:59","slug":"hindi","status":"publish","type":"product","link":"https:\/\/www.krajan.pl\/index.php\/produkt\/hindi\/","title":{"rendered":"Hindi"},"content":{"rendered":"<p><em>Uwagi:<\/em><br \/>\n<em><span class=\"ILfuVd\" lang=\"pl\"><span class=\"hgKElc\">\u00a0Kolory na zdj\u0119ciach\u00a0 mog\u0105 si\u0119 nieznacznie r\u00f3\u017cni\u0107 od rzeczywistych \u2013 wynika to z r\u00f3\u017cnorodno\u015bci dost\u0119pnego sprz\u0119tu komputerowego oraz jego indywidualnych ustawie\u0144 a w szczeg\u00f3lno\u015bci ustawie\u0144 monitora i karty graficznej.<\/span><\/span><\/em><\/p>\n<p>Views: 27<\/p>","protected":false},"excerpt":{"rendered":"<p>Szer.\/wys.\/g\u0142.: 300\/201\/52 cm<\/p>\n<p><strong>Zestaw HINDI<\/strong> jest doskona\u0142ym wyborem dla tych, kt\u00f3rzy we wszystkim szukaj\u0105 klasyki. Prosta konstrukcja i \u0142atwe utrzymanie znajd\u0105 swoich fan\u00f3w. W meblo\u015bciance znajduje si\u0119 wiele praktycznie rozmieszczonych schowk\u00f3w, kt\u00f3re pomog\u0105 Ci zachowa\u0107 porz\u0105dek, a dzi\u0119ki otwartym i przeszklonym p\u00f3\u0142kom podkre\u015blisz swoj\u0105 oryginalno\u015b\u0107 stylowymi dodatkami. Meble s\u0105 pojemne i dost\u0119pne w r\u00f3\u017cnych kolorach.<\/p>\n<p><strong>Wymiary:<\/strong><\/p>\n<p>\u2013 szeroko\u015b\u0107 300 cm \/ wysoko\u015b\u0107 201 cm \/ g\u0142\u0119boko\u015b\u0107 52 cm<\/p>\n<p><strong>Informacje dodatkowe:<\/strong><\/p>\n<p>\u2013 wykonana z wysokiej jako\u015bci p\u0142yty laminowanej<br \/>\n\u2013 w standardzie zastosowano w witrynie p\u00f3\u0142ki z p\u0142yty laminowanej,<br \/>\n\u2013 uchwyty wykonane z tworzywa sztucznego, kt\u00f3re zapewniaj\u0105 trwa\u0142o\u015b\u0107 oraz komfort u\u017cytkowania,<br \/>\n\u2013\u00a0<strong>wn\u0119ka na telewizor szer.107 cm<\/strong><br \/>\n\u2013 pojemna szafa 100\/201\/53 z doln\u0105 p\u00f3\u0142k\u0105 oraz dr\u0105\u017ckiem ubraniowym,<br \/>\n\u2013 meble s\u0105 nowe, zapakowane w paczkach do samodzielnego monta\u017cu, wraz z czyteln\u0105 instrukcj\u0105 oraz akcesoriami.<br \/>\n\u2013 meblo\u015bcianka z wizualizacji wykonana w kolorze:<\/p>\n","protected":false},"featured_media":31049,"comment_status":"closed","ping_status":"closed","template":"","meta":[],"product_brand":[],"product_cat":[149,150],"product_tag":[],"class_list":{"0":"post-1351","1":"product","2":"type-product","3":"status-publish","4":"has-post-thumbnail","6":"product_cat-meble-pokojowe","7":"product_cat-mebloscianki-nowoczesne","8":"pa_kolor-artisan","9":"pa_kolor-canyon","10":"pa_kolor-czekolada","11":"pa_kolor-lefkas-ciemny","12":"pa_kolor-sonoma","13":"pa_kolor-wotan","15":"first","16":"instock","17":"shipping-taxable","18":"purchasable","19":"product-type-variable"},"_links":{"self":[{"href":"https:\/\/www.krajan.pl\/index.php\/wp-json\/wp\/v2\/product\/1351","targetHints":{"allow":["GET"]}}],"collection":[{"href":"https:\/\/www.krajan.pl\/index.php\/wp-json\/wp\/v2\/product"}],"about":[{"href":"https:\/\/www.krajan.pl\/index.php\/wp-json\/wp\/v2\/types\/product"}],"replies":[{"embeddable":true,"href":"https:\/\/www.krajan.pl\/index.php\/wp-json\/wp\/v2\/comments?post=1351"}],"wp:featuredmedia":[{"embeddable":true,"href":"https:\/\/www.krajan.pl\/index.php\/wp-json\/wp\/v2\/media\/31049"}],"wp:attachment":[{"href":"https:\/\/www.krajan.pl\/index.php\/wp-json\/wp\/v2\/media?parent=1351"}],"wp:term":[{"taxonomy":"product_brand","embeddable":true,"href":"https:\/\/www.krajan.pl\/index.php\/wp-json\/wp\/v2\/product_brand?post=1351"},{"taxonomy":"product_cat","embeddable":true,"href":"https:\/\/www.krajan.pl\/index.php\/wp-json\/wp\/v2\/product_cat?post=1351"},{"taxonomy":"product_tag","embeddable":true,"href":"https:\/\/www.krajan.pl\/index.php\/wp-json\/wp\/v2\/product_tag?post=1351"}],"curies":[{"name":"wp","href":"https:\/\/api.w.org\/{rel}","templated":true}]}}