{"id":1331,"date":"2017-09-28T09:57:59","date_gmt":"2017-09-28T07:57:59","guid":{"rendered":"https:\/\/www.krajan.pl\/index.php\/produkt\/alex\/"},"modified":"2026-04-01T13:59:37","modified_gmt":"2026-04-01T11:59:37","slug":"alex","status":"publish","type":"product","link":"https:\/\/www.krajan.pl\/index.php\/produkt\/alex\/","title":{"rendered":"Alex A"},"content":{"rendered":"<p><em>Uwagi:<\/em><br \/>\n<em><span class=\"ILfuVd\" lang=\"pl\"><span class=\"hgKElc\">\u00a0Kolory na zdj\u0119ciach\u00a0 mog\u0105 si\u0119 nieznacznie r\u00f3\u017cni\u0107 od rzeczywistych \u2013 wynika to z r\u00f3\u017cnorodno\u015bci dost\u0119pnego sprz\u0119tu komputerowego oraz jego indywidualnych ustawie\u0144 a w szczeg\u00f3lno\u015bci ustawie\u0144 monitora i karty graficznej.<\/span><\/span><\/em><\/p>\n<p>Views: 46<\/p>","protected":false},"excerpt":{"rendered":"<p>Szer.\/wys.\/g\u0142.: 285\/198\/53 cm<\/p>\n<p><strong>Zestaw ALEX A<\/strong> jest doskona\u0142ym wyborem dla tych, kt\u00f3rzy we wszystkim szukaj\u0105 klasyki. Prosta konstrukcja i \u0142atwe utrzymanie znajd\u0105 swoich fan\u00f3w. W meblo\u015bciance znajduje si\u0119 wiele praktycznie rozmieszczonych schowk\u00f3w, kt\u00f3re pomog\u0105 Ci zachowa\u0107 porz\u0105dek, a dzi\u0119ki otwartym i przeszklonym p\u00f3\u0142kom podkre\u015blisz swoj\u0105 oryginalno\u015b\u0107 stylowymi dodatkami. Meble s\u0105 pojemne i dost\u0119pne w r\u00f3\u017cnych kolorach.<\/p>\n<p><strong>Wymiary:<\/strong><\/p>\n<p>\u2013 szeroko\u015b\u0107 285 cm \/ wysoko\u015b\u0107 198 cm \/ g\u0142\u0119boko\u015b\u0107 53 cm<\/p>\n<p><strong>Informacje dodatkowe:<\/strong><\/p>\n<p>\u2013 p\u0142yta laminowana o grubo\u015bci 16 mm<br \/>\n\u2013 fronty z listw\u0105 MDF<br \/>\n\u2013 w standardzie zastosowano w witrynach p\u00f3\u0142ki z p\u0142yty laminowanej,<br \/>\n\u2013 uchwyty\u00a0 wykonane z tworzywa sztucznego, kt\u00f3re zapewniaj\u0105 trwa\u0142o\u015b\u0107 oraz komfort u\u017cytkowania,<br \/>\n\u2013 wn\u0119ka na telewizor szer.96,7 cm\/ wys.75cm,<br \/>\n\u2013 pojemna szafa 90\/198\/53 z p\u00f3\u0142k\u0105 nad dr\u0105\u017ckiem ubraniowym,<br \/>\n\u2013 meble s\u0105 nowe, zapakowane w paczkach do samodzielnego monta\u017cu, wraz z czyteln\u0105 instrukcj\u0105 oraz akcesoriami.<br \/>\n\u2013 meblo\u015bcianka z wizualizacji wykonana w kolorze:<\/p>\n","protected":false},"featured_media":31195,"comment_status":"closed","ping_status":"closed","template":"","meta":[],"product_brand":[],"product_cat":[149,157],"product_tag":[],"class_list":{"0":"post-1331","1":"product","2":"type-product","3":"status-publish","4":"has-post-thumbnail","6":"product_cat-meble-pokojowe","7":"product_cat-mebloscianki-klasyczne","8":"pa_kolor-artisan","9":"pa_kolor-czekolada","10":"pa_kolor-lefkas-ciemny","11":"pa_kolor-sonoma","12":"pa_kolor-sonoma-czekolada","14":"first","15":"instock","16":"shipping-taxable","17":"purchasable","18":"product-type-variable"},"_links":{"self":[{"href":"https:\/\/www.krajan.pl\/index.php\/wp-json\/wp\/v2\/product\/1331","targetHints":{"allow":["GET"]}}],"collection":[{"href":"https:\/\/www.krajan.pl\/index.php\/wp-json\/wp\/v2\/product"}],"about":[{"href":"https:\/\/www.krajan.pl\/index.php\/wp-json\/wp\/v2\/types\/product"}],"replies":[{"embeddable":true,"href":"https:\/\/www.krajan.pl\/index.php\/wp-json\/wp\/v2\/comments?post=1331"}],"wp:featuredmedia":[{"embeddable":true,"href":"https:\/\/www.krajan.pl\/index.php\/wp-json\/wp\/v2\/media\/31195"}],"wp:attachment":[{"href":"https:\/\/www.krajan.pl\/index.php\/wp-json\/wp\/v2\/media?parent=1331"}],"wp:term":[{"taxonomy":"product_brand","embeddable":true,"href":"https:\/\/www.krajan.pl\/index.php\/wp-json\/wp\/v2\/product_brand?post=1331"},{"taxonomy":"product_cat","embeddable":true,"href":"https:\/\/www.krajan.pl\/index.php\/wp-json\/wp\/v2\/product_cat?post=1331"},{"taxonomy":"product_tag","embeddable":true,"href":"https:\/\/www.krajan.pl\/index.php\/wp-json\/wp\/v2\/product_tag?post=1331"}],"curies":[{"name":"wp","href":"https:\/\/api.w.org\/{rel}","templated":true}]}}