{"id":1129,"date":"2017-09-11T10:11:41","date_gmt":"2017-09-11T08:11:41","guid":{"rendered":"https:\/\/www.krajan.pl\/index.php\/produkt\/biurko-jb-130\/"},"modified":"2026-03-30T13:31:08","modified_gmt":"2026-03-30T11:31:08","slug":"biurko-jb-130","status":"publish","type":"product","link":"https:\/\/www.krajan.pl\/index.php\/produkt\/biurko-jb-130\/","title":{"rendered":"JORK Biurko JB-130"},"content":{"rendered":"<p><em>Uwagi:<\/em><\/p>\n<p><em><span class=\"ILfuVd\" lang=\"pl\"><span class=\"hgKElc\">\u00a0Kolory na zdj\u0119ciach\u00a0 mog\u0105 si\u0119 nieznacznie r\u00f3\u017cni\u0107 od rzeczywistych \u2013 wynika to z r\u00f3\u017cnorodno\u015bci dost\u0119pnego sprz\u0119tu komputerowego oraz jego indywidualnych ustawie\u0144 a w szczeg\u00f3lno\u015bci ustawie\u0144 monitora i karty graficznej.<\/span><\/span><\/em><\/p>\n<p>Views: 13<\/p>","protected":false},"excerpt":{"rendered":"<p><strong>Biurko JB-130<\/strong> to idealne rozwi\u0105zanie dla os\u00f3b ceni\u0105cych klasyczne wyko\u0144czenia oraz praktyczno\u015b\u0107. Konstrukcja mebla wykonana zosta\u0142a z solidnej p\u0142yty laminowanej o gr.16 mm. Zgrabna forma, oraz nowoczesny wygl\u0105d sprawiaj\u0105, \u017ce mebel nie przyt\u0142oczy wn\u0119trza wi\u0119c \u015bwietnie sprawdza si\u0119 tak\u017ce w niewielkiej przestrzeni. Biurko dost\u0119pna jest w szerokiej gamie kolorystycznej.<\/p>\n<p>Meble w paczkach do samodzielnego monta\u017cu.<br \/>\nProdukt nowy, oryginalnie zapakowany!<br \/>\nFronty: front g\u0142adki.<\/p>\n<p><strong>Wymiary:<\/strong><\/p>\n<p>\u2013 szeroko\u015b\u0107 130 cm \/ wysoko\u015b\u0107 76 cm \/ g\u0142\u0119boko\u015b\u0107 60 cm<\/p>\n<p><strong>Informacje dodatkowe:<\/strong><\/p>\n<ul>\n<li>dost\u0119pne kolory:\u00a0 sonoma, artisan, sanremo rust, wellington, canyon, d\u0105b lancelot<\/li>\n<li>wyko\u0144czenie korpusu : matowe<\/li>\n<li>wyko\u0144czenie front\u00f3w: matowe<\/li>\n<li>wykonanie: laminowana p\u0142yta wi\u00f3rowa<\/li>\n<li>rodzaj: stoj\u0105ca<\/li>\n<li>styl: nowoczesny<\/li>\n<\/ul>\n<div class=\"positioner\"><\/div>\n<div class=\"positioner\"><\/div>\n","protected":false},"featured_media":31286,"comment_status":"closed","ping_status":"closed","template":"","meta":[],"product_brand":[],"product_cat":[76,75],"product_tag":[77],"class_list":{"0":"post-1129","1":"product","2":"type-product","3":"status-publish","4":"has-post-thumbnail","6":"product_cat-biurka","7":"product_cat-jork-jork","8":"product_tag-biurko","9":"pa_kolor-artisan","10":"pa_kolor-canyon","11":"pa_kolor-dab-lancelot","12":"pa_kolor-sanremo-rust","13":"pa_kolor-sonoma","14":"pa_kolor-syrach","15":"pa_kolor-wellington","17":"first","18":"instock","19":"shipping-taxable","20":"purchasable","21":"product-type-variable"},"_links":{"self":[{"href":"https:\/\/www.krajan.pl\/index.php\/wp-json\/wp\/v2\/product\/1129","targetHints":{"allow":["GET"]}}],"collection":[{"href":"https:\/\/www.krajan.pl\/index.php\/wp-json\/wp\/v2\/product"}],"about":[{"href":"https:\/\/www.krajan.pl\/index.php\/wp-json\/wp\/v2\/types\/product"}],"replies":[{"embeddable":true,"href":"https:\/\/www.krajan.pl\/index.php\/wp-json\/wp\/v2\/comments?post=1129"}],"wp:featuredmedia":[{"embeddable":true,"href":"https:\/\/www.krajan.pl\/index.php\/wp-json\/wp\/v2\/media\/31286"}],"wp:attachment":[{"href":"https:\/\/www.krajan.pl\/index.php\/wp-json\/wp\/v2\/media?parent=1129"}],"wp:term":[{"taxonomy":"product_brand","embeddable":true,"href":"https:\/\/www.krajan.pl\/index.php\/wp-json\/wp\/v2\/product_brand?post=1129"},{"taxonomy":"product_cat","embeddable":true,"href":"https:\/\/www.krajan.pl\/index.php\/wp-json\/wp\/v2\/product_cat?post=1129"},{"taxonomy":"product_tag","embeddable":true,"href":"https:\/\/www.krajan.pl\/index.php\/wp-json\/wp\/v2\/product_tag?post=1129"}],"curies":[{"name":"wp","href":"https:\/\/api.w.org\/{rel}","templated":true}]}}