{"id":3604,"date":"2021-09-10T14:18:26","date_gmt":"2021-09-10T14:18:26","guid":{"rendered":"http:\/\/dummy.xtemos.com\/woodmart2\/elementor\/?page_id=3604"},"modified":"2026-02-02T10:01:33","modified_gmt":"2026-02-02T09:01:33","slug":"home-electronics-2","status":"publish","type":"page","link":"https:\/\/www.krajan.pl\/","title":{"rendered":"Home Electronics-2"},"content":{"rendered":"<div class=\"wpb-content-wrapper\"><p>[vc_row][vc_column][vc_gallery type=&#8221;nivo&#8221; interval=&#8221;3&#8243; images=&#8221;30317,28915,28919,28192,28149&#8243; img_size=&#8221;full&#8221; css_animation=&#8221;zoomIn&#8221; css=&#8221;&#8221;][\/vc_column][\/vc_row][vc_row][vc_column width=&#8221;1\/6&#8243;][vc_wp_custommenu nav_menu=&#8221;452&#8243;][\/vc_column][vc_column width=&#8221;5\/6&#8243;][vc_custom_heading text=&#8221;&#8221; font_container=&#8221;tag:h2|font_size:30|text_align:center&#8221; css=&#8221;&#8221;]<div class=\"woocommerce columns-4\"><div class=\"wd-products-element\">\t\t\t<div class=\"wd-sticky-loader wd-content-loader\"><span class=\"wd-loader\"><\/span><\/div>\n\t\t\n<div class=\"products wd-products wd-grid-g grid-columns-4 elements-grid pagination-pagination wd-loop-builder-off wd-stretch-cont-lg wd-products-with-bg wd-products-with-shadow\" data-source=\"main_loop\" data-min_price=\"\" data-max_price=\"\" data-columns=\"4\" style=\"--wd-col-lg:4;--wd-col-md:4;--wd-col-sm:2;--wd-gap-lg:10px;\">\n\n<div class=\"wd-col category-grid-item wd-cat cat-design-alt categories-with-shadow without-product-count wd-with-subcat product-category product first\" data-loop=\"1\">\n\t\t\t<div class=\"wd-cat-wrap\">\n\t\n\t<div class=\"wd-cat-inner wrapp-category\">\n\t\t<div class=\"wd-cat-thumb category-image-wrapp\">\n\t\t\t<a class=\"wd-cat-image category-image\" href=\"https:\/\/www.krajan.pl\/index.php\/kategoria-produktu\/meble-pokojowe\/\" aria-label=\"Meble pokojowe\">\n\t\t\t\t\n\t\t\t\t<img loading=\"lazy\" decoding=\"async\" width=\"400\" height=\"400\" src=\"https:\/\/www.krajan.pl\/wp-content\/uploads\/2024\/08\/meblosciankinowoczesne.jpg\" class=\"attachment-woocommerce_thumbnail size-woocommerce_thumbnail\" alt=\"\" srcset=\"https:\/\/www.krajan.pl\/wp-content\/uploads\/2024\/08\/meblosciankinowoczesne.jpg 400w, https:\/\/www.krajan.pl\/wp-content\/uploads\/2024\/08\/meblosciankinowoczesne-150x150.jpg 150w, https:\/\/www.krajan.pl\/wp-content\/uploads\/2024\/08\/meblosciankinowoczesne-300x300.jpg 300w\" sizes=\"auto, (max-width: 400px) 100vw, 400px\" \/>\t\t\t<\/a>\n\t\t<\/div>\n\t\t<div class=\"wd-cat-content hover-mask\">\n\t\t\t<h3 class=\"wd-entities-title\">\n\t\t\t\tMeble pokojowe\t\t\t<\/h3>\n\n\t\t\t\n\t\t\t\t\t<\/div>\n\n\t\t\t\t<a class=\"wd-fill category-link\" href=\"https:\/\/www.krajan.pl\/index.php\/kategoria-produktu\/meble-pokojowe\/\" aria-label=\"Product category meble-pokojowe\"><\/a>\n\t\t\t<\/div>\n\n\t\t\t<\/div>\n\t<\/div>\n\n<div class=\"wd-col category-grid-item wd-cat cat-design-alt categories-with-shadow without-product-count wd-with-subcat product-category product\" data-loop=\"2\">\n\t\t\t<div class=\"wd-cat-wrap\">\n\t\n\t<div class=\"wd-cat-inner wrapp-category\">\n\t\t<div class=\"wd-cat-thumb category-image-wrapp\">\n\t\t\t<a class=\"wd-cat-image category-image\" href=\"https:\/\/www.krajan.pl\/index.php\/kategoria-produktu\/mlodziezowe\/\" aria-label=\"M\u0142odzie\u017cowe\">\n\t\t\t\t\n\t\t\t\t<img loading=\"lazy\" decoding=\"async\" width=\"400\" height=\"400\" src=\"https:\/\/www.krajan.pl\/wp-content\/uploads\/2024\/08\/mlodziezowe.jpg\" class=\"attachment-woocommerce_thumbnail size-woocommerce_thumbnail\" alt=\"\" srcset=\"https:\/\/www.krajan.pl\/wp-content\/uploads\/2024\/08\/mlodziezowe.jpg 400w, https:\/\/www.krajan.pl\/wp-content\/uploads\/2024\/08\/mlodziezowe-150x150.jpg 150w, https:\/\/www.krajan.pl\/wp-content\/uploads\/2024\/08\/mlodziezowe-300x300.jpg 300w\" sizes=\"auto, (max-width: 400px) 100vw, 400px\" \/>\t\t\t<\/a>\n\t\t<\/div>\n\t\t<div class=\"wd-cat-content hover-mask\">\n\t\t\t<h3 class=\"wd-entities-title\">\n\t\t\t\tM\u0142odzie\u017cowe\t\t\t<\/h3>\n\n\t\t\t\n\t\t\t\t\t<\/div>\n\n\t\t\t\t<a class=\"wd-fill category-link\" href=\"https:\/\/www.krajan.pl\/index.php\/kategoria-produktu\/mlodziezowe\/\" aria-label=\"Product category mlodziezowe\"><\/a>\n\t\t\t<\/div>\n\n\t\t\t<\/div>\n\t<\/div>\n\n<div class=\"wd-col category-grid-item wd-cat cat-design-alt categories-with-shadow without-product-count wd-with-subcat product-category product\" data-loop=\"3\">\n\t\t\t<div class=\"wd-cat-wrap\">\n\t\n\t<div class=\"wd-cat-inner wrapp-category\">\n\t\t<div class=\"wd-cat-thumb category-image-wrapp\">\n\t\t\t<a class=\"wd-cat-image category-image\" href=\"https:\/\/www.krajan.pl\/index.php\/kategoria-produktu\/meble-systemowe\/\" aria-label=\"Meble systemowe\">\n\t\t\t\t\n\t\t\t\t<img loading=\"lazy\" decoding=\"async\" width=\"400\" height=\"400\" src=\"https:\/\/www.krajan.pl\/wp-content\/uploads\/2024\/08\/meblesystemowe.jpg\" class=\"attachment-woocommerce_thumbnail size-woocommerce_thumbnail\" alt=\"\" srcset=\"https:\/\/www.krajan.pl\/wp-content\/uploads\/2024\/08\/meblesystemowe.jpg 400w, https:\/\/www.krajan.pl\/wp-content\/uploads\/2024\/08\/meblesystemowe-150x150.jpg 150w, https:\/\/www.krajan.pl\/wp-content\/uploads\/2024\/08\/meblesystemowe-300x300.jpg 300w\" sizes=\"auto, (max-width: 400px) 100vw, 400px\" \/>\t\t\t<\/a>\n\t\t<\/div>\n\t\t<div class=\"wd-cat-content hover-mask\">\n\t\t\t<h3 class=\"wd-entities-title\">\n\t\t\t\tMeble systemowe\t\t\t<\/h3>\n\n\t\t\t\n\t\t\t\t\t<\/div>\n\n\t\t\t\t<a class=\"wd-fill category-link\" href=\"https:\/\/www.krajan.pl\/index.php\/kategoria-produktu\/meble-systemowe\/\" aria-label=\"Product category meble-systemowe\"><\/a>\n\t\t\t<\/div>\n\n\t\t\t<\/div>\n\t<\/div>\n\n<div class=\"wd-col category-grid-item wd-cat cat-design-alt categories-with-shadow without-product-count wd-with-subcat product-category product last\" data-loop=\"4\">\n\t\t\t<div class=\"wd-cat-wrap\">\n\t\n\t<div class=\"wd-cat-inner wrapp-category\">\n\t\t<div class=\"wd-cat-thumb category-image-wrapp\">\n\t\t\t<a class=\"wd-cat-image category-image\" href=\"https:\/\/www.krajan.pl\/index.php\/kategoria-produktu\/sypialnie\/\" aria-label=\"Sypialnie\">\n\t\t\t\t\n\t\t\t\t<img loading=\"lazy\" decoding=\"async\" width=\"400\" height=\"400\" src=\"https:\/\/www.krajan.pl\/wp-content\/uploads\/2024\/08\/sypialnie2.jpg\" class=\"attachment-woocommerce_thumbnail size-woocommerce_thumbnail\" alt=\"\" srcset=\"https:\/\/www.krajan.pl\/wp-content\/uploads\/2024\/08\/sypialnie2.jpg 400w, https:\/\/www.krajan.pl\/wp-content\/uploads\/2024\/08\/sypialnie2-150x150.jpg 150w, https:\/\/www.krajan.pl\/wp-content\/uploads\/2024\/08\/sypialnie2-300x300.jpg 300w\" sizes=\"auto, (max-width: 400px) 100vw, 400px\" \/>\t\t\t<\/a>\n\t\t<\/div>\n\t\t<div class=\"wd-cat-content hover-mask\">\n\t\t\t<h3 class=\"wd-entities-title\">\n\t\t\t\tSypialnie\t\t\t<\/h3>\n\n\t\t\t\n\t\t\t\t\t<\/div>\n\n\t\t\t\t<a class=\"wd-fill category-link\" href=\"https:\/\/www.krajan.pl\/index.php\/kategoria-produktu\/sypialnie\/\" aria-label=\"Product category sypialnie\"><\/a>\n\t\t\t<\/div>\n\n\t\t\t<\/div>\n\t<\/div>\n\n<div class=\"wd-col category-grid-item wd-cat cat-design-alt categories-with-shadow without-product-count wd-with-subcat product-category product first\" data-loop=\"5\">\n\t\t\t<div class=\"wd-cat-wrap\">\n\t\n\t<div class=\"wd-cat-inner wrapp-category\">\n\t\t<div class=\"wd-cat-thumb category-image-wrapp\">\n\t\t\t<a class=\"wd-cat-image category-image\" href=\"https:\/\/www.krajan.pl\/index.php\/kategoria-produktu\/szafy-otwierane\/\" aria-label=\"Szafy\">\n\t\t\t\t\n\t\t\t\t<img loading=\"lazy\" decoding=\"async\" width=\"400\" height=\"323\" src=\"https:\/\/www.krajan.pl\/wp-content\/uploads\/2024\/11\/Malaga_grafit-400x323.jpg\" class=\"attachment-woocommerce_thumbnail size-woocommerce_thumbnail\" alt=\"\" \/>\t\t\t<\/a>\n\t\t<\/div>\n\t\t<div class=\"wd-cat-content hover-mask\">\n\t\t\t<h3 class=\"wd-entities-title\">\n\t\t\t\tSzafy\t\t\t<\/h3>\n\n\t\t\t\n\t\t\t\t\t<\/div>\n\n\t\t\t\t<a class=\"wd-fill category-link\" href=\"https:\/\/www.krajan.pl\/index.php\/kategoria-produktu\/szafy-otwierane\/\" aria-label=\"Product category szafy-otwierane\"><\/a>\n\t\t\t<\/div>\n\n\t\t\t<\/div>\n\t<\/div>\n\n<div class=\"wd-col category-grid-item wd-cat cat-design-alt categories-with-shadow without-product-count wd-with-subcat product-category product\" data-loop=\"6\">\n\t\t\t<div class=\"wd-cat-wrap\">\n\t\n\t<div class=\"wd-cat-inner wrapp-category\">\n\t\t<div class=\"wd-cat-thumb category-image-wrapp\">\n\t\t\t<a class=\"wd-cat-image category-image\" href=\"https:\/\/www.krajan.pl\/index.php\/kategoria-produktu\/rtv\/\" aria-label=\"RTV\">\n\t\t\t\t\n\t\t\t\t<img loading=\"lazy\" decoding=\"async\" width=\"400\" height=\"400\" src=\"https:\/\/www.krajan.pl\/wp-content\/uploads\/2024\/08\/rtv.jpg\" class=\"attachment-woocommerce_thumbnail size-woocommerce_thumbnail\" alt=\"\" srcset=\"https:\/\/www.krajan.pl\/wp-content\/uploads\/2024\/08\/rtv.jpg 400w, https:\/\/www.krajan.pl\/wp-content\/uploads\/2024\/08\/rtv-150x150.jpg 150w, https:\/\/www.krajan.pl\/wp-content\/uploads\/2024\/08\/rtv-300x300.jpg 300w\" sizes=\"auto, (max-width: 400px) 100vw, 400px\" \/>\t\t\t<\/a>\n\t\t<\/div>\n\t\t<div class=\"wd-cat-content hover-mask\">\n\t\t\t<h3 class=\"wd-entities-title\">\n\t\t\t\tRTV\t\t\t<\/h3>\n\n\t\t\t\n\t\t\t\t\t<\/div>\n\n\t\t\t\t<a class=\"wd-fill category-link\" href=\"https:\/\/www.krajan.pl\/index.php\/kategoria-produktu\/rtv\/\" aria-label=\"Product category rtv\"><\/a>\n\t\t\t<\/div>\n\n\t\t\t<\/div>\n\t<\/div>\n\n<div class=\"wd-col category-grid-item wd-cat cat-design-alt categories-with-shadow without-product-count wd-with-subcat product-category product\" data-loop=\"7\">\n\t\t\t<div class=\"wd-cat-wrap\">\n\t\n\t<div class=\"wd-cat-inner wrapp-category\">\n\t\t<div class=\"wd-cat-thumb category-image-wrapp\">\n\t\t\t<a class=\"wd-cat-image category-image\" href=\"https:\/\/www.krajan.pl\/index.php\/kategoria-produktu\/kuchnie\/\" aria-label=\"Kuchnie\">\n\t\t\t\t\n\t\t\t\t<img loading=\"lazy\" decoding=\"async\" width=\"430\" height=\"350\" src=\"https:\/\/www.krajan.pl\/wp-content\/uploads\/2024\/11\/kuchnia_-sonia-430x350.jpg\" class=\"attachment-woocommerce_thumbnail size-woocommerce_thumbnail\" alt=\"\" srcset=\"https:\/\/www.krajan.pl\/wp-content\/uploads\/2024\/11\/kuchnia_-sonia-430x350.jpg 430w, https:\/\/www.krajan.pl\/wp-content\/uploads\/2024\/11\/kuchnia_-sonia-150x122.jpg 150w, https:\/\/www.krajan.pl\/wp-content\/uploads\/2024\/11\/kuchnia_-sonia-400x325.jpg 400w, https:\/\/www.krajan.pl\/wp-content\/uploads\/2024\/11\/kuchnia_-sonia-369x300.jpg 369w, https:\/\/www.krajan.pl\/wp-content\/uploads\/2024\/11\/kuchnia_-sonia.jpg 492w\" sizes=\"auto, (max-width: 430px) 100vw, 430px\" \/>\t\t\t<\/a>\n\t\t<\/div>\n\t\t<div class=\"wd-cat-content hover-mask\">\n\t\t\t<h3 class=\"wd-entities-title\">\n\t\t\t\tKuchnie\t\t\t<\/h3>\n\n\t\t\t\n\t\t\t\t\t<\/div>\n\n\t\t\t\t<a class=\"wd-fill category-link\" href=\"https:\/\/www.krajan.pl\/index.php\/kategoria-produktu\/kuchnie\/\" aria-label=\"Product category kuchnie\"><\/a>\n\t\t\t<\/div>\n\n\t\t\t<\/div>\n\t<\/div>\n\n<div class=\"wd-col category-grid-item wd-cat cat-design-alt categories-with-shadow without-product-count wd-with-subcat product-category product last\" data-loop=\"8\">\n\t\t\t<div class=\"wd-cat-wrap\">\n\t\n\t<div class=\"wd-cat-inner wrapp-category\">\n\t\t<div class=\"wd-cat-thumb category-image-wrapp\">\n\t\t\t<a class=\"wd-cat-image category-image\" href=\"https:\/\/www.krajan.pl\/index.php\/kategoria-produktu\/garderoby\/\" aria-label=\"Garderoby\">\n\t\t\t\t\n\t\t\t\t<img loading=\"lazy\" decoding=\"async\" width=\"430\" height=\"430\" src=\"https:\/\/www.krajan.pl\/wp-content\/uploads\/2017\/10\/kaprys2-430x430.png\" class=\"attachment-woocommerce_thumbnail size-woocommerce_thumbnail\" alt=\"\" srcset=\"https:\/\/www.krajan.pl\/wp-content\/uploads\/2017\/10\/kaprys2-430x430.png 430w, https:\/\/www.krajan.pl\/wp-content\/uploads\/2017\/10\/kaprys2-300x300.png 300w, https:\/\/www.krajan.pl\/wp-content\/uploads\/2017\/10\/kaprys2-800x800.png 800w, https:\/\/www.krajan.pl\/wp-content\/uploads\/2017\/10\/kaprys2-150x150.png 150w, https:\/\/www.krajan.pl\/wp-content\/uploads\/2017\/10\/kaprys2-768x768.png 768w, https:\/\/www.krajan.pl\/wp-content\/uploads\/2017\/10\/kaprys2-700x700.png 700w, https:\/\/www.krajan.pl\/wp-content\/uploads\/2017\/10\/kaprys2-50x50.png 50w, https:\/\/www.krajan.pl\/wp-content\/uploads\/2017\/10\/kaprys2-100x100.png 100w, https:\/\/www.krajan.pl\/wp-content\/uploads\/2017\/10\/kaprys2.png 1024w\" sizes=\"auto, (max-width: 430px) 100vw, 430px\" \/>\t\t\t<\/a>\n\t\t<\/div>\n\t\t<div class=\"wd-cat-content hover-mask\">\n\t\t\t<h3 class=\"wd-entities-title\">\n\t\t\t\tGarderoby\t\t\t<\/h3>\n\n\t\t\t\n\t\t\t\t\t<\/div>\n\n\t\t\t\t<a class=\"wd-fill category-link\" href=\"https:\/\/www.krajan.pl\/index.php\/kategoria-produktu\/garderoby\/\" aria-label=\"Product category garderoby\"><\/a>\n\t\t\t<\/div>\n\n\t\t\t<\/div>\n\t<\/div>\n<\/div>\n<\/div><\/div>[\/vc_column][\/vc_row][vc_row][vc_column css=&#8221;.vc_custom_1737189739963{margin-top: 20px !important;}&#8221; woodmart_css_id=&#8221;678b69627695f&#8221; parallax_scroll=&#8221;no&#8221; woodmart_sticky_column=&#8221;false&#8221; wd_collapsible_content_switcher=&#8221;no&#8221; wd_column_role_offcanvas_desktop=&#8221;no&#8221; wd_column_role_offcanvas_tablet=&#8221;no&#8221; wd_column_role_offcanvas_mobile=&#8221;no&#8221; wd_column_role_content_desktop=&#8221;no&#8221; wd_column_role_content_tablet=&#8221;no&#8221; wd_column_role_content_mobile=&#8221;no&#8221; mobile_bg_img_hidden=&#8221;no&#8221; tablet_bg_img_hidden=&#8221;no&#8221; woodmart_parallax=&#8221;0&#8243; woodmart_box_shadow=&#8221;no&#8221; responsive_spacing=&#8221;eyJwYXJhbV90eXBlIjoid29vZG1hcnRfcmVzcG9uc2l2ZV9zcGFjaW5nIiwic2VsZWN0b3JfaWQiOiI2NzhiNjk2Mjc2OTVmIiwic2hvcnRjb2RlIjoidmNfY29sdW1uIiwiZGF0YSI6eyJ0YWJsZXQiOnt9LCJtb2JpbGUiOnt9fX0=&#8221; mobile_reset_margin=&#8221;no&#8221; tablet_reset_margin=&#8221;no&#8221; wd_z_index=&#8221;no&#8221;][vc_hoverbox image=&#8221;30317&#8243; primary_title=&#8221;&#8221; hover_title=&#8221;KRAJAN tylko najlepsze meble&#8221; hover_title_font_container=&#8221;font_size:40&#8243; hover_title_use_theme_fonts=&#8221;yes&#8221; hover_btn_title=&#8221;Zapraszamy&#8221; hover_btn_style=&#8221;3d&#8221; hover_btn_color=&#8221;chino&#8221; use_custom_fonts_hover_title=&#8221;true&#8221; hover_add_button=&#8221;true&#8221; hover_btn_link=&#8221;url:https%3A%2F%2Fwww.krajan.pl%2Findex.php%2Fshop%2F|rel:nofollow&#8221;][\/vc_hoverbox][\/vc_column][\/vc_row][vc_row][vc_column css=&#8221;.vc_custom_1737195823558{margin-top: 20px !important;}&#8221; woodmart_css_id=&#8221;678b8123b6425&#8243; parallax_scroll=&#8221;no&#8221; woodmart_sticky_column=&#8221;false&#8221; wd_collapsible_content_switcher=&#8221;no&#8221; wd_column_role_offcanvas_desktop=&#8221;no&#8221; wd_column_role_offcanvas_tablet=&#8221;no&#8221; wd_column_role_offcanvas_mobile=&#8221;no&#8221; wd_column_role_content_desktop=&#8221;no&#8221; wd_column_role_content_tablet=&#8221;no&#8221; wd_column_role_content_mobile=&#8221;no&#8221; mobile_bg_img_hidden=&#8221;no&#8221; tablet_bg_img_hidden=&#8221;no&#8221; woodmart_parallax=&#8221;0&#8243; woodmart_box_shadow=&#8221;no&#8221; responsive_spacing=&#8221;eyJwYXJhbV90eXBlIjoid29vZG1hcnRfcmVzcG9uc2l2ZV9zcGFjaW5nIiwic2VsZWN0b3JfaWQiOiI2NzhiODEyM2I2NDI1Iiwic2hvcnRjb2RlIjoidmNfY29sdW1uIiwiZGF0YSI6eyJ0YWJsZXQiOnt9LCJtb2JpbGUiOnt9fX0=&#8221; mobile_reset_margin=&#8221;no&#8221; tablet_reset_margin=&#8221;no&#8221; wd_z_index=&#8221;no&#8221;][vc_separator color=&#8221;white&#8221; css=&#8221;&#8221; wd_hide_on_desktop=&#8221;no&#8221; wd_hide_on_tablet=&#8221;no&#8221; wd_hide_on_mobile=&#8221;no&#8221;][\/vc_column][\/vc_row][vc_row][vc_column width=&#8221;1\/3&#8243;]\t\t\t<div class=\"info-box-wrapper\">\n\t\t\t\t<div id=\"wd-67a70779c86ab\" class=\" wd-rs-67a70779c86ab wd-info-box wd-wpb text-center box-icon-align-top box-style-bg-hover color-scheme- wd-bg-none color-scheme-hover-light with-btn box-btn-static \">\n\t\t\t\t\t\t\t\t\t\t\t<div class=\"box-icon-wrapper  box-with-icon box-icon-simple\">\n\t\t\t\t\t\t\t<div class=\"info-box-icon\">\n\t\t\t\t\t\t\t\t<img loading=\"lazy\" decoding=\"async\" width=\"220\" height=\"189\" src=\"https:\/\/www.krajan.pl\/wp-content\/uploads\/2025\/01\/Meble-twarde.jpg\" class=\"attachment-220x220 size-220x220\" alt=\"\" srcset=\"https:\/\/www.krajan.pl\/wp-content\/uploads\/2025\/01\/Meble-twarde.jpg 242w, https:\/\/www.krajan.pl\/wp-content\/uploads\/2025\/01\/Meble-twarde-150x129.jpg 150w\" sizes=\"auto, (max-width: 220px) 100vw, 220px\" \/>\t\t\t\t\t\t\t<\/div>\n\t\t\t\t\t\t<\/div>\n\t\t\t\t\t\t\t\t\t\t<div class=\"info-box-content\">\n\t\t\t\t\t\t\t\t\t\t\t\t<div class=\"info-box-inner reset-last-child\"><\/p>\n<p style=\"text-align: center;\"><em><strong>Jeste\u015bmy producent mebli od 35 lat \u2013 dobra inwestycja<\/strong><\/em><\/p>\n<p style=\"text-align: center;\">Satysfakcja naszych klient\u00f3w to dla nas priorytet. Oferujemy najwy\u017csz\u0105 jako\u015b\u0107 w najni\u017cszej cenie.<\/p>\n<p>\n<\/div>\n\n\t\t\t\t\t\t<div class=\"info-btn-wrapper\"><div id=\"wd-6a07939a2e763\" class=\"  wd-button-wrapper text-center\"><a href=\"https:\/\/www.krajan.pl\/index.php\/o-nas\/\" title=\"\" rel=\"nofollow\" class=\"btn btn-color-primary btn-style-3d btn-shape-round btn-size-default\">O Firmie<\/a><\/div><\/div>\t\t\t\t\t<\/div>\n\n\t\t\t\t\t\n\t\t\t\t\t<style><\/style>\t\t\t\t<\/div>\n\t\t\t<\/div>\n\t\t[\/vc_column][vc_column width=&#8221;1\/3&#8243;]\t\t\t<div class=\"info-box-wrapper\">\n\t\t\t\t<div id=\"wd-67a70d7d6edb1\" class=\" wd-rs-67a70d7d6edb1 wd-info-box wd-wpb text-center box-icon-align-top box-style-bg-hover color-scheme- wd-bg-none color-scheme-hover-light with-btn box-btn-static vc_custom_1739001250742\">\n\t\t\t\t\t\t\t\t\t\t\t<div class=\"box-icon-wrapper  box-with-icon box-icon-simple\">\n\t\t\t\t\t\t\t<div class=\"info-box-icon\">\n\t\t\t\t\t\t\t\t<img loading=\"lazy\" decoding=\"async\" width=\"220\" height=\"220\" src=\"https:\/\/www.krajan.pl\/wp-content\/uploads\/2025\/01\/NAjlepsi-producenici-220x220.jpg\" class=\"attachment-220x220 size-220x220\" alt=\"\" srcset=\"https:\/\/www.krajan.pl\/wp-content\/uploads\/2025\/01\/NAjlepsi-producenici-220x220.jpg 220w, https:\/\/www.krajan.pl\/wp-content\/uploads\/2025\/01\/NAjlepsi-producenici-150x149.jpg 150w, https:\/\/www.krajan.pl\/wp-content\/uploads\/2025\/01\/NAjlepsi-producenici-50x50.jpg 50w, https:\/\/www.krajan.pl\/wp-content\/uploads\/2025\/01\/NAjlepsi-producenici-100x100.jpg 100w, https:\/\/www.krajan.pl\/wp-content\/uploads\/2025\/01\/NAjlepsi-producenici-200x200.jpg 200w, https:\/\/www.krajan.pl\/wp-content\/uploads\/2025\/01\/NAjlepsi-producenici-215x215.jpg 215w\" sizes=\"auto, (max-width: 220px) 100vw, 220px\" \/>\t\t\t\t\t\t\t<\/div>\n\t\t\t\t\t\t<\/div>\n\t\t\t\t\t\t\t\t\t\t<div class=\"info-box-content\">\n\t\t\t\t\t\t\t\t\t\t\t\t<div class=\"info-box-inner reset-last-child\"><\/p>\n<p style=\"text-align: center;\"><em><strong>Najwy\u017csza jako\u015b\u0107 produkt\u00f3w<\/strong><\/em><\/p>\n<p style=\"text-align: center;\">U\u017cywamy materia\u0142\u00f3w wy\u0142\u0105cznie najwy\u017cszej jako\u015bci znanych producent\u00f3w, dzi\u0119ki czemu jeste\u015bmy pewni swoich produkt\u00f3w.<\/p>\n<p>\n<\/div>\n\n\t\t\t\t\t\t<div class=\"info-btn-wrapper\"><div id=\"wd-6a07939a2ef38\" class=\"  wd-button-wrapper text-center\"><a  class=\"btn btn-color-primary btn-style-3d btn-shape-round btn-size-default\">Produkcja<\/a><\/div><\/div>\t\t\t\t\t<\/div>\n\n\t\t\t\t\t\n\t\t\t\t\t<style><\/style>\t\t\t\t<\/div>\n\t\t\t<\/div>\n\t\t[\/vc_column][vc_column width=&#8221;1\/3&#8243;]\t\t\t<div class=\"info-box-wrapper\">\n\t\t\t\t<div id=\"wd-67a707953b016\" class=\" wd-rs-67a707953b016 wd-info-box wd-wpb text-center box-icon-align-top box-style-bg-hover color-scheme- wd-bg-none color-scheme-hover-light with-btn box-btn-static \">\n\t\t\t\t\t\t\t\t\t\t\t<div class=\"box-icon-wrapper  box-with-icon box-icon-simple\">\n\t\t\t\t\t\t\t<div class=\"info-box-icon\">\n\t\t\t\t\t\t\t\t<img loading=\"lazy\" decoding=\"async\" width=\"200\" height=\"200\" src=\"https:\/\/www.krajan.pl\/wp-content\/uploads\/2025\/01\/Polski-producent-200x200.jpg\" class=\"attachment-200x200 size-200x200\" alt=\"\" srcset=\"https:\/\/www.krajan.pl\/wp-content\/uploads\/2025\/01\/Polski-producent-200x200.jpg 200w, https:\/\/www.krajan.pl\/wp-content\/uploads\/2025\/01\/Polski-producent-301x300.jpg 301w, https:\/\/www.krajan.pl\/wp-content\/uploads\/2025\/01\/Polski-producent-150x149.jpg 150w, https:\/\/www.krajan.pl\/wp-content\/uploads\/2025\/01\/Polski-producent-430x428.jpg 430w, https:\/\/www.krajan.pl\/wp-content\/uploads\/2025\/01\/Polski-producent-50x50.jpg 50w, https:\/\/www.krajan.pl\/wp-content\/uploads\/2025\/01\/Polski-producent-100x100.jpg 100w, https:\/\/www.krajan.pl\/wp-content\/uploads\/2025\/01\/Polski-producent.jpg 536w\" sizes=\"auto, (max-width: 200px) 100vw, 200px\" \/>\t\t\t\t\t\t\t<\/div>\n\t\t\t\t\t\t<\/div>\n\t\t\t\t\t\t\t\t\t\t<div class=\"info-box-content\">\n\t\t\t\t\t\t\t\t\t\t\t\t<div class=\"info-box-inner reset-last-child\"><\/p>\n<p style=\"text-align: center;\"><em><strong>Polski producent<\/strong><\/em><\/p>\n<p style=\"text-align: center;\">Meble wyprodukowane w Polsce.<\/p>\n<p>\n<\/div>\n\n\t\t\t\t\t\t<div class=\"info-btn-wrapper\"><div id=\"wd-6a07939a2f6f9\" class=\"  wd-button-wrapper text-center\"><a href=\"https:\/\/www.krajan.pl\/index.php\/kontakt\/\" title=\"\" rel=\"nofollow\" class=\"btn btn-color-primary btn-style-3d btn-shape-round btn-size-default\">Kontakt<\/a><\/div><\/div>\t\t\t\t\t<\/div>\n\n\t\t\t\t\t\n\t\t\t\t\t<style><\/style>\t\t\t\t<\/div>\n\t\t\t<\/div>\n\t\t[\/vc_column][\/vc_row][vc_row][vc_column][vc_separator color=&#8221;white&#8221; css=&#8221;&#8221; wd_hide_on_desktop=&#8221;no&#8221; wd_hide_on_tablet=&#8221;no&#8221; wd_hide_on_mobile=&#8221;no&#8221;][\/vc_column][\/vc_row]<\/p>\n<p>Views: 2340<\/p><\/div>","protected":false},"excerpt":{"rendered":"<p>[vc_row][vc_column][vc_gallery type=&#8221;nivo&#8221; interval=&#8221;3&#8243; images=&#8221;30317,28915,28919,28192,28149&#8243; img_size=&#8221;full&#8221; css_animation=&#8221;zoomIn&#8221; css=&#8221;&#8221;][\/vc_column][\/vc_row][vc_row][vc_column width=&#8221;1\/6&#8243;][vc_wp_custommenu nav_menu=&#8221;452&#8243;][\/vc_column][vc_column width=&#8221;5\/6&#8243;][vc_custom_heading text=&#8221;&#8221; font_container=&#8221;tag:h2|font_size:30|text_align:center&#8221; css=&#8221;&#8221;][\/vc_column][\/vc_row][vc_row][vc_column css=&#8221;.vc_custom_1737189739963{margin-top: 20px !important;}&#8221; woodmart_css_id=&#8221;678b69627695f&#8221; parallax_scroll=&#8221;no&#8221; woodmart_sticky_column=&#8221;false&#8221; wd_collapsible_content_switcher=&#8221;no&#8221;<\/p>\n","protected":false},"author":1,"featured_media":0,"parent":0,"menu_order":0,"comment_status":"closed","ping_status":"closed","template":"","meta":{"footnotes":""},"class_list":["post-3604","page","type-page","status-publish","hentry"],"_links":{"self":[{"href":"https:\/\/www.krajan.pl\/index.php\/wp-json\/wp\/v2\/pages\/3604","targetHints":{"allow":["GET"]}}],"collection":[{"href":"https:\/\/www.krajan.pl\/index.php\/wp-json\/wp\/v2\/pages"}],"about":[{"href":"https:\/\/www.krajan.pl\/index.php\/wp-json\/wp\/v2\/types\/page"}],"author":[{"embeddable":true,"href":"https:\/\/www.krajan.pl\/index.php\/wp-json\/wp\/v2\/users\/1"}],"replies":[{"embeddable":true,"href":"https:\/\/www.krajan.pl\/index.php\/wp-json\/wp\/v2\/comments?post=3604"}],"version-history":[{"count":136,"href":"https:\/\/www.krajan.pl\/index.php\/wp-json\/wp\/v2\/pages\/3604\/revisions"}],"predecessor-version":[{"id":31162,"href":"https:\/\/www.krajan.pl\/index.php\/wp-json\/wp\/v2\/pages\/3604\/revisions\/31162"}],"wp:attachment":[{"href":"https:\/\/www.krajan.pl\/index.php\/wp-json\/wp\/v2\/media?parent=3604"}],"curies":[{"name":"wp","href":"https:\/\/api.w.org\/{rel}","templated":true}]}}